{"id":336,"date":"2017-02-24T08:53:22","date_gmt":"2017-02-24T07:53:22","guid":{"rendered":"http:\/\/juma.wordpress\/?page_id=336"},"modified":"2017-04-13T13:08:12","modified_gmt":"2017-04-13T11:08:12","slug":"szkolenia","status":"publish","type":"page","link":"http:\/\/juma.type.pl\/index.php\/szkolenia\/","title":{"rendered":"Szkolenia"},"content":{"rendered":"<h3>Juma<\/h3>\n<ul>\n<li><a href=\"http:\/\/juma.type.pl\/index.php\/szkolenie-jumy\/\" tilte=\"Szkolenie Jumy\">Szkolenie Jumy<\/a><\/li>\n<li><a href=\"http:\/\/juma.type.pl\/index.php\/spotkanie-szkoleniowe-posluszenstwo\/\" title=\"Spotkanie szkoleniowe - Pos\u0142usze\u0144stwo\">Spotkanie szkoleniowe &#8211; Pos\u0142usze\u0144stwo<\/a><\/li>\n<li><a href=\"http:\/\/juma.type.pl\/index.php\/spotkanie-szkoleniowe-obrona\/\" title=\"Spotkanie szkoleniowe - Obrona\">Spotkanie szkoleniowe &#8211; Obrona<\/a><\/li>\n<li><a href=\"http:\/\/juma.type.pl\/index.php\/szkoleniowe-spotkanie-na-luzie\/\" title=\"Spotkanie szkoleniowe - Na luzie\">Spotkanie szkoleniowe &#8211; Na luzie<\/a><\/li>\n<\/ul>\n<h3>Cuba<\/h3>\n<ul>\n<li><a href=\"http:\/\/juma.type.pl\/index.php\/szkolenie-cuby\/\" title=\"Szkolenie Cuby\">Szkolenie Cuby<\/a><\/li>\n<li><a href=\"http:\/\/juma.type.pl\/index.php\/cuba-cwiczenia-z-posluszenstwa\/\" title=\"\u0106wiczenia z pos\u0142usze\u0144stwa i obrony\">\u0106wiczenia z pos\u0142usze\u0144stwa i obrony<\/a><\/li>\n<li><a href=\"http:\/\/juma.type.pl\/index.php\/szkolenie-czas-zaczac\/\" title=\"Szkolenie czas zacz\u0105\u0107\">Szkolenie czas zacz\u0105\u0107<\/li>\n<p><\/a>\n<\/ul>\n","protected":false},"excerpt":{"rendered":"<p>Juma Szkolenie Jumy Spotkanie szkoleniowe &#8211; Pos\u0142usze\u0144stwo Spotkanie szkoleniowe &#8211; Obrona Spotkanie szkoleniowe &#8211; Na luzie Cuba Szkolenie Cuby \u0106wiczenia z pos\u0142usze\u0144stwa i obrony Szkolenie czas zacz\u0105\u0107<\/p>\n","protected":false},"author":1,"featured_media":0,"parent":0,"menu_order":0,"comment_status":"closed","ping_status":"closed","template":"","meta":{"footnotes":""},"class_list":["post-336","page","type-page","status-publish","hentry"],"_links":{"self":[{"href":"http:\/\/juma.type.pl\/index.php\/wp-json\/wp\/v2\/pages\/336","targetHints":{"allow":["GET"]}}],"collection":[{"href":"http:\/\/juma.type.pl\/index.php\/wp-json\/wp\/v2\/pages"}],"about":[{"href":"http:\/\/juma.type.pl\/index.php\/wp-json\/wp\/v2\/types\/page"}],"author":[{"embeddable":true,"href":"http:\/\/juma.type.pl\/index.php\/wp-json\/wp\/v2\/users\/1"}],"replies":[{"embeddable":true,"href":"http:\/\/juma.type.pl\/index.php\/wp-json\/wp\/v2\/comments?post=336"}],"version-history":[{"count":21,"href":"http:\/\/juma.type.pl\/index.php\/wp-json\/wp\/v2\/pages\/336\/revisions"}],"predecessor-version":[{"id":2952,"href":"http:\/\/juma.type.pl\/index.php\/wp-json\/wp\/v2\/pages\/336\/revisions\/2952"}],"wp:attachment":[{"href":"http:\/\/juma.type.pl\/index.php\/wp-json\/wp\/v2\/media?parent=336"}],"curies":[{"name":"wp","href":"https:\/\/api.w.org\/{rel}","templated":true}]}}