{"id":2799,"date":"2017-04-04T09:28:38","date_gmt":"2017-04-04T07:28:38","guid":{"rendered":"http:\/\/luban.hekko24.pl\/?page_id=2799"},"modified":"2017-04-04T10:21:25","modified_gmt":"2017-04-04T08:21:25","slug":"moje-poprzednie-psy-2","status":"publish","type":"page","link":"http:\/\/juma.type.pl\/index.php\/moje-poprzednie-psy-2\/","title":{"rendered":"Moje poprzednie psy"},"content":{"rendered":"<p>Na fotkach: FARAH Majstersztyk (br\u0105zowa &#8211; Tina), oraz BRYZA od Dw\u00f3ch Budrys\u00f3w (czarna &#8211; Bonnie), oraz AMANDA Ekspresja (br\u0105zowa) i ABRA Ekspresja (br\u0105zowa)<\/p>\n<p align=\"center\"><span>Na foto moje suczki \ud83d\ude42<\/span><\/p>\n<p align=\"center\"><span><img loading=\"lazy\" decoding=\"async\" src=\"http:\/\/juma.type.pl\/NEW\/SUB\/GALERIA\/HISTORIA\/stadko.jpg\" width=\"449\" height=\"354\" border=\"0\" \/><\/span><\/p>\n<p align=\"center\"><span>Abra<\/span><\/p>\n<p align=\"center\"><img loading=\"lazy\" decoding=\"async\" src=\"http:\/\/juma.type.pl\/NEW\/SUB\/GALERIA\/HISTORIA\/abra.jpg\" width=\"395\" height=\"415\" border=\"0\" \/><\/p>\n<p align=\"center\"><img loading=\"lazy\" decoding=\"async\" src=\"http:\/\/juma.type.pl\/NEW\/SUB\/GALERIA\/HISTORIA\/abra1.jpg\" width=\"424\" height=\"273\" border=\"0\" \/><\/p>\n<p align=\"center\"><span>Tina z Abr\u0105<\/span><\/p>\n<p align=\"center\"><img loading=\"lazy\" decoding=\"async\" src=\"http:\/\/juma.type.pl\/NEW\/SUB\/GALERIA\/HISTORIA\/tza.jpg\" width=\"404\" height=\"304\" border=\"0\" \/><\/p>\n<p align=\"center\"><span>Bonnie<\/span><\/p>\n<p align=\"center\"><img loading=\"lazy\" decoding=\"async\" src=\"http:\/\/juma.type.pl\/NEW\/SUB\/GALERIA\/HISTORIA\/bryza1.jpg\" width=\"444\" height=\"337\" border=\"0\" \/><\/p>\n<p align=\"center\"><span>Tina<\/span><\/p>\n<p align=\"center\"><img loading=\"lazy\" decoding=\"async\" src=\"http:\/\/juma.type.pl\/NEW\/SUB\/GALERIA\/HISTORIA\/farah1.jpg\" width=\"451\" height=\"390\" border=\"0\" \/><\/p>\n<p align=\"center\"><img loading=\"lazy\" decoding=\"async\" src=\"http:\/\/juma.type.pl\/NEW\/SUB\/GALERIA\/HISTORIA\/farah2.jpg\" width=\"449\" height=\"358\" border=\"0\" \/><\/p>\n<p align=\"center\"><img loading=\"lazy\" decoding=\"async\" src=\"http:\/\/juma.type.pl\/NEW\/SUB\/GALERIA\/HISTORIA\/farah3.jpg\" width=\"259\" height=\"482\" border=\"0\" \/><\/p>\n<p align=\"center\"><img loading=\"lazy\" decoding=\"async\" src=\"http:\/\/juma.type.pl\/NEW\/SUB\/GALERIA\/HISTORIA\/farah4.jpg\" width=\"423\" height=\"276\" border=\"0\" \/><\/p>\n<p align=\"center\"><span>Tina i Bonnie razem<\/span><\/p>\n<p align=\"center\"><img loading=\"lazy\" decoding=\"async\" src=\"http:\/\/juma.type.pl\/NEW\/SUB\/GALERIA\/HISTORIA\/fib.jpg\" width=\"454\" height=\"352\" border=\"0\" \/><\/p>\n<p align=\"center\"><img loading=\"lazy\" decoding=\"async\" src=\"http:\/\/juma.type.pl\/NEW\/SUB\/GALERIA\/HISTORIA\/fib1.jpg\" width=\"335\" height=\"440\" border=\"0\" \/><\/p>\n<p align=\"center\"><img loading=\"lazy\" decoding=\"async\" src=\"http:\/\/juma.type.pl\/NEW\/SUB\/GALERIA\/HISTORIA\/fib2.jpg\" width=\"443\" height=\"364\" border=\"0\" \/><\/p>\n<p align=\"center\"><img loading=\"lazy\" decoding=\"async\" src=\"http:\/\/juma.type.pl\/NEW\/SUB\/GALERIA\/HISTORIA\/fib3.jpg\" width=\"454\" height=\"297\" border=\"0\" \/><\/p>\n<p align=\"center\"><img loading=\"lazy\" decoding=\"async\" src=\"http:\/\/juma.type.pl\/NEW\/SUB\/GALERIA\/HISTORIA\/fib4.jpg\" width=\"452\" height=\"330\" border=\"0\" \/><\/p>\n<p align=\"center\"><img loading=\"lazy\" decoding=\"async\" src=\"http:\/\/juma.type.pl\/NEW\/SUB\/GALERIA\/HISTORIA\/fib5.jpg\" width=\"444\" height=\"269\" border=\"0\" \/><\/p>\n<p align=\"center\"><img loading=\"lazy\" decoding=\"async\" src=\"http:\/\/juma.type.pl\/NEW\/SUB\/GALERIA\/HISTORIA\/fib6.jpg\" width=\"458\" height=\"357\" border=\"0\" \/><\/p>\n<p align=\"center\"><span>Juma z Amand\u0105<\/span><\/p>\n<p align=\"center\"><img loading=\"lazy\" decoding=\"async\" src=\"http:\/\/juma.type.pl\/NEW\/SUB\/GALERIA\/HISTORIA\/zamanda1.jpg\" width=\"420\" height=\"273\" border=\"0\" \/><\/p>\n<p align=\"center\"><img loading=\"lazy\" decoding=\"async\" src=\"http:\/\/juma.type.pl\/NEW\/SUB\/GALERIA\/HISTORIA\/zamanda2.jpg\" width=\"420\" height=\"273\" border=\"0\" \/><\/p>\n<p align=\"center\"><img loading=\"lazy\" decoding=\"async\" src=\"http:\/\/juma.type.pl\/NEW\/SUB\/GALERIA\/HISTORIA\/zamanda3.jpg\" width=\"420\" height=\"273\" border=\"0\" \/><\/p>\n","protected":false},"excerpt":{"rendered":"<p>Na fotkach: FARAH Majstersztyk (br\u0105zowa &#8211; Tina), oraz BRYZA od Dw\u00f3ch Budrys\u00f3w (czarna &#8211; Bonnie), oraz AMANDA Ekspresja (br\u0105zowa) i ABRA Ekspresja (br\u0105zowa) Na foto moje suczki \ud83d\ude42 Abra Tina z Abr\u0105 Bonnie Tina Tina i Bonnie razem Juma z Amand\u0105<\/p>\n","protected":false},"author":1,"featured_media":0,"parent":0,"menu_order":0,"comment_status":"closed","ping_status":"closed","template":"","meta":{"footnotes":""},"class_list":["post-2799","page","type-page","status-publish","hentry"],"_links":{"self":[{"href":"http:\/\/juma.type.pl\/index.php\/wp-json\/wp\/v2\/pages\/2799","targetHints":{"allow":["GET"]}}],"collection":[{"href":"http:\/\/juma.type.pl\/index.php\/wp-json\/wp\/v2\/pages"}],"about":[{"href":"http:\/\/juma.type.pl\/index.php\/wp-json\/wp\/v2\/types\/page"}],"author":[{"embeddable":true,"href":"http:\/\/juma.type.pl\/index.php\/wp-json\/wp\/v2\/users\/1"}],"replies":[{"embeddable":true,"href":"http:\/\/juma.type.pl\/index.php\/wp-json\/wp\/v2\/comments?post=2799"}],"version-history":[{"count":1,"href":"http:\/\/juma.type.pl\/index.php\/wp-json\/wp\/v2\/pages\/2799\/revisions"}],"predecessor-version":[{"id":2800,"href":"http:\/\/juma.type.pl\/index.php\/wp-json\/wp\/v2\/pages\/2799\/revisions\/2800"}],"wp:attachment":[{"href":"http:\/\/juma.type.pl\/index.php\/wp-json\/wp\/v2\/media?parent=2799"}],"curies":[{"name":"wp","href":"https:\/\/api.w.org\/{rel}","templated":true}]}}