{"id":2773,"date":"2017-04-04T08:39:12","date_gmt":"2017-04-04T06:39:12","guid":{"rendered":"http:\/\/luban.hekko24.pl\/?page_id=2773"},"modified":"2017-04-04T10:21:25","modified_gmt":"2017-04-04T08:21:25","slug":"spotkanie-po-wystawie-w-toruniu","status":"publish","type":"page","link":"http:\/\/juma.type.pl\/index.php\/spotkanie-po-wystawie-w-toruniu\/","title":{"rendered":"Spotkanie po wystawie w Toruniu"},"content":{"rendered":"<p><span>Po wystawie w Toruniu zosta\u0142y\u015bmy zaproszone do Sylwii i Leszka &#8211; w\u0142a\u015bcicieli Zarity Miratio. Zaproszeni r\u00f3wnie\u017c byli Iza z Piotrem od Daszy z Padoku i jamnika Piccolo. Miejsce bajeczne i sielankowe, dooko\u0142a pola i \u0142\u0105ki gdzie psy mog\u0142y odreagowa\u0107 po emocjach wystawy.<\/span><\/p>\n<p align=\"center\"><span>zabawy na terenie<br \/>\n<img loading=\"lazy\" decoding=\"async\" src=\"http:\/\/juma.type.pl\/NEW\/SUB\/GALERIA\/OFF5\/1.jpg\" width=\"434\" height=\"326\" border=\"0\" \/><\/span><\/p>\n<p align=\"center\"><span><img loading=\"lazy\" decoding=\"async\" src=\"http:\/\/juma.type.pl\/NEW\/SUB\/GALERIA\/OFF5\/2.jpg\" width=\"434\" height=\"326\" border=\"0\" \/><\/span><\/p>\n<p align=\"center\"><span><img loading=\"lazy\" decoding=\"async\" src=\"http:\/\/juma.type.pl\/NEW\/SUB\/GALERIA\/OFF5\/3.jpg\" width=\"434\" height=\"326\" border=\"0\" \/><\/span><\/p>\n<p align=\"center\"><span>Sylwia z Zarit\u0105, Iza z Dasz\u0105 i ja z Cub\u0105<br \/>\n<img loading=\"lazy\" decoding=\"async\" src=\"http:\/\/juma.type.pl\/NEW\/SUB\/GALERIA\/OFF5\/4.jpg\" width=\"434\" height=\"326\" border=\"0\" \/><\/span><\/p>\n<p><span><br \/>\nPotem przenie\u015bli\u015bmy si\u0119 do domu, gdzie te\u017c by\u0142o sporo atrakcji. Dla Zarity najciekawsza by\u0142a moja torba, w kt\u00f3rej znajdowa\u0142y si\u0119 psie ciasteczka<\/span><\/p>\n<p align=\"center\"><span><img loading=\"lazy\" decoding=\"async\" src=\"http:\/\/juma.type.pl\/NEW\/SUB\/GALERIA\/OFF5\/5.jpg\" width=\"434\" height=\"326\" border=\"0\" \/><\/span><\/p>\n<p><span><br \/>\nNie oby\u0142o si\u0119 r\u00f3wnie\u017c bez \u017cebraniny, w kt\u00f3rej dobermany s\u0105 chyba bezkonkurencyjne<\/span><\/p>\n<p align=\"center\"><span><img loading=\"lazy\" decoding=\"async\" src=\"http:\/\/juma.type.pl\/NEW\/SUB\/GALERIA\/OFF5\/6.jpg\" width=\"434\" height=\"326\" border=\"0\" \/><\/span><\/p>\n<p align=\"center\"><span><img loading=\"lazy\" decoding=\"async\" src=\"http:\/\/juma.type.pl\/NEW\/SUB\/GALERIA\/OFF5\/7.jpg\" width=\"434\" height=\"326\" border=\"0\" \/><\/span><\/p>\n<p><span><br \/>\nSpotkanie nie mog\u0142o jednak trwa\u0107 zbyt d\u0142ugo, bo nas czeka\u0142a jeszcze d\u0142uga i trudna droga do domu. Jednak po raz kolejny okaza\u0142o si\u0119, \u017ce rywalizacja na ringu wcale nie przeszkadza w mi\u0142ym, wsp\u00f3lnym sp\u0119dzeniu czasu. Sylwia, dzi\u0119kuj\u0119 bardzo.<\/span><\/p>\n","protected":false},"excerpt":{"rendered":"<p>Po wystawie w Toruniu zosta\u0142y\u015bmy zaproszone do Sylwii i Leszka &#8211; w\u0142a\u015bcicieli Zarity Miratio. Zaproszeni r\u00f3wnie\u017c byli Iza z Piotrem od Daszy z Padoku i jamnika Piccolo. Miejsce bajeczne i sielankowe, dooko\u0142a pola i \u0142\u0105ki gdzie psy mog\u0142y odreagowa\u0107 po emocjach wystawy. zabawy na terenie Sylwia z Zarit\u0105, Iza z Dasz\u0105 i ja z Cub\u0105 Potem przenie\u015bli\u015bmy si\u0119 do domu, gdzie te\u017c by\u0142o sporo atrakcji. Dla Zarity najciekawsza by\u0142a moja torba, w kt\u00f3rej znajdowa\u0142y si\u0119 psie ciasteczka Nie oby\u0142o si\u0119&#8230;<\/p>\n<p class=\"read-more\"><a class=\"btn btn-default\" href=\"http:\/\/juma.type.pl\/index.php\/spotkanie-po-wystawie-w-toruniu\/\"> czytaj wi\u0119cej<span class=\"screen-reader-text\">  Czytaj wi\u0119cej<\/span><\/a><\/p>\n","protected":false},"author":1,"featured_media":0,"parent":0,"menu_order":0,"comment_status":"closed","ping_status":"closed","template":"","meta":{"footnotes":""},"class_list":["post-2773","page","type-page","status-publish","hentry"],"_links":{"self":[{"href":"http:\/\/juma.type.pl\/index.php\/wp-json\/wp\/v2\/pages\/2773","targetHints":{"allow":["GET"]}}],"collection":[{"href":"http:\/\/juma.type.pl\/index.php\/wp-json\/wp\/v2\/pages"}],"about":[{"href":"http:\/\/juma.type.pl\/index.php\/wp-json\/wp\/v2\/types\/page"}],"author":[{"embeddable":true,"href":"http:\/\/juma.type.pl\/index.php\/wp-json\/wp\/v2\/users\/1"}],"replies":[{"embeddable":true,"href":"http:\/\/juma.type.pl\/index.php\/wp-json\/wp\/v2\/comments?post=2773"}],"version-history":[{"count":2,"href":"http:\/\/juma.type.pl\/index.php\/wp-json\/wp\/v2\/pages\/2773\/revisions"}],"predecessor-version":[{"id":2776,"href":"http:\/\/juma.type.pl\/index.php\/wp-json\/wp\/v2\/pages\/2773\/revisions\/2776"}],"wp:attachment":[{"href":"http:\/\/juma.type.pl\/index.php\/wp-json\/wp\/v2\/media?parent=2773"}],"curies":[{"name":"wp","href":"https:\/\/api.w.org\/{rel}","templated":true}]}}