{"id":2770,"date":"2017-04-04T08:34:24","date_gmt":"2017-04-04T06:34:24","guid":{"rendered":"http:\/\/luban.hekko24.pl\/?page_id=2770"},"modified":"2017-04-04T10:21:25","modified_gmt":"2017-04-04T08:21:25","slug":"cwc-warszawa-8-09-200","status":"publish","type":"page","link":"http:\/\/juma.type.pl\/index.php\/cwc-warszawa-8-09-200\/","title":{"rendered":"CWC WARSZAWA 8.09.200"},"content":{"rendered":"<p class=\"wpis\">Mistrzem w nawi\u0105zywaniu kontakt\u00f3w z dzie\u0107mi okaza\u0142 si\u0119 Dura Lex Polonia Delawar \/ dla przyjaci\u00f3\u0142 Delu\u015b\/. Rodzice, kt\u00f3rzy pozwolili swoim dzieciom zbli\u017cy\u0107 si\u0119 do naszych ps\u00f3w byli w szoku, widz\u0105c jak dzieciaki \u015bwietnie si\u0119 bawi\u0105. Delu\u015b rozbroi\u0142 wszystkich &#8222;przybijaniem pi\u0105tki&#8221; i podawaniem \u0142apy.<\/p>\n<p align=\"center\"><span><img loading=\"lazy\" decoding=\"async\" src=\"http:\/\/juma.type.pl\/NEW\/SUB\/GALERIA\/OFF1\/1.jpg\" width=\"434\" height=\"289\" border=\"0\" \/><\/span><\/p>\n<p align=\"center\"><span><img loading=\"lazy\" decoding=\"async\" src=\"http:\/\/juma.type.pl\/NEW\/SUB\/GALERIA\/OFF1\/2.jpg\" width=\"434\" height=\"289\" border=\"0\" \/><\/span><\/p>\n<p align=\"center\"><span><img loading=\"lazy\" decoding=\"async\" src=\"http:\/\/juma.type.pl\/NEW\/SUB\/GALERIA\/OFF1\/3.jpg\" width=\"434\" height=\"289\" border=\"0\" \/><\/span><\/p>\n<p align=\"center\"><span><img loading=\"lazy\" decoding=\"async\" src=\"http:\/\/juma.type.pl\/NEW\/SUB\/GALERIA\/OFF1\/4.jpg\" width=\"434\" height=\"289\" border=\"0\" \/><\/span><\/p>\n<p align=\"center\"><span><img loading=\"lazy\" decoding=\"async\" src=\"http:\/\/juma.type.pl\/NEW\/SUB\/GALERIA\/OFF1\/5.jpg\" width=\"434\" height=\"289\" border=\"0\" \/><\/span><\/p>\n<p align=\"center\"><span><img loading=\"lazy\" decoding=\"async\" src=\"http:\/\/juma.type.pl\/NEW\/SUB\/GALERIA\/OFF1\/6.jpg\" width=\"434\" height=\"289\" border=\"0\" \/><\/span><\/p>\n<p><span><\/p>\n<p>Wielkie zdziwienie w\u015br\u00f3d odwiedzaj\u0105cych wystaw\u0119 wzbudzi\u0142y zabawy doberman &#8211; stafford. Tu prym wiod\u0142a Cuba, kt\u00f3ra bardzo ch\u0119tnie zawiera wszelkie psie znajomo\u015bci<\/span><\/p>\n<p align=\"center\"><span><img loading=\"lazy\" decoding=\"async\" src=\"http:\/\/juma.type.pl\/NEW\/SUB\/GALERIA\/OFF1\/7.jpg\" width=\"434\" height=\"289\" border=\"0\" \/><\/span><\/p>\n<p align=\"center\"><span><img loading=\"lazy\" decoding=\"async\" src=\"http:\/\/juma.type.pl\/NEW\/SUB\/GALERIA\/OFF1\/8.jpg\" width=\"434\" height=\"289\" border=\"0\" \/><\/span><\/p>\n<p><span><\/p>\n<p>Nie mog\u0142o zabrakn\u0105\u0107 r\u00f3wnie\u017c bieganiny, w miar\u0119 ustronnym miejscu, do kt\u00f3rej przy\u0142\u0105cza\u0142y si\u0119 r\u00f3wnie\u017c inne psy.<\/span><\/p>\n<p align=\"center\"><span>Delawar<br \/>\n<img loading=\"lazy\" decoding=\"async\" src=\"http:\/\/juma.type.pl\/NEW\/SUB\/GALERIA\/OFF1\/9.jpg\" width=\"434\" height=\"326\" border=\"0\" \/><\/span><\/p>\n<p>&nbsp;<\/p>\n<p align=\"center\"><span>Cuba, Delawar i ich kolega pointer<br \/>\n<img loading=\"lazy\" decoding=\"async\" src=\"http:\/\/juma.type.pl\/NEW\/SUB\/GALERIA\/OFF1\/10.jpg\" width=\"434\" height=\"326\" border=\"0\" \/><\/span><\/p>\n<p>&nbsp;<\/p>\n<p align=\"center\"><span>Cuba, Delawar i ich kolega pointer<br \/>\n<img loading=\"lazy\" decoding=\"async\" src=\"http:\/\/juma.type.pl\/NEW\/SUB\/GALERIA\/OFF1\/11.jpg\" width=\"434\" height=\"326\" border=\"0\" \/><\/span><\/p>\n<p><span><\/p>\n<p>A tak wygl\u0105da\u0142a Lo\u017ca dla VIP-\u00f3w<\/span><\/p>\n<p align=\"center\"><span>Dorota z Zark\u0105 \/Dura Lex Polonia Darla-siostra Delawara\/ Marek z Delawarem i Mariusz z Cub\u0105<br \/>\n<img loading=\"lazy\" decoding=\"async\" src=\"http:\/\/juma.type.pl\/NEW\/SUB\/GALERIA\/OFF1\/13.jpg\" width=\"434\" height=\"326\" border=\"0\" \/><\/span><\/p>\n<p><span><\/p>\n<p>Widok z g\u00f3ry by\u0142 bardzo ciekawy<\/span><\/p>\n<p align=\"center\"><span>Delawar<br \/>\n<img loading=\"lazy\" decoding=\"async\" src=\"http:\/\/juma.type.pl\/NEW\/SUB\/GALERIA\/OFF1\/12.jpg\" width=\"434\" height=\"326\" border=\"0\" \/><\/span><\/p>\n","protected":false},"excerpt":{"rendered":"<p>Mistrzem w nawi\u0105zywaniu kontakt\u00f3w z dzie\u0107mi okaza\u0142 si\u0119 Dura Lex Polonia Delawar \/ dla przyjaci\u00f3\u0142 Delu\u015b\/. Rodzice, kt\u00f3rzy pozwolili swoim dzieciom zbli\u017cy\u0107 si\u0119 do naszych ps\u00f3w byli w szoku, widz\u0105c jak dzieciaki \u015bwietnie si\u0119 bawi\u0105. Delu\u015b rozbroi\u0142 wszystkich &#8222;przybijaniem pi\u0105tki&#8221; i podawaniem \u0142apy. Wielkie zdziwienie w\u015br\u00f3d odwiedzaj\u0105cych wystaw\u0119 wzbudzi\u0142y zabawy doberman &#8211; stafford. Tu prym wiod\u0142a Cuba, kt\u00f3ra bardzo ch\u0119tnie zawiera wszelkie psie znajomo\u015bci Nie mog\u0142o zabrakn\u0105\u0107 r\u00f3wnie\u017c bieganiny, w miar\u0119 ustronnym miejscu, do kt\u00f3rej przy\u0142\u0105cza\u0142y si\u0119 r\u00f3wnie\u017c inne psy&#8230;.<\/p>\n<p class=\"read-more\"><a class=\"btn btn-default\" href=\"http:\/\/juma.type.pl\/index.php\/cwc-warszawa-8-09-200\/\"> czytaj wi\u0119cej<span class=\"screen-reader-text\">  Czytaj wi\u0119cej<\/span><\/a><\/p>\n","protected":false},"author":1,"featured_media":0,"parent":0,"menu_order":0,"comment_status":"closed","ping_status":"closed","template":"","meta":{"footnotes":""},"class_list":["post-2770","page","type-page","status-publish","hentry"],"_links":{"self":[{"href":"http:\/\/juma.type.pl\/index.php\/wp-json\/wp\/v2\/pages\/2770","targetHints":{"allow":["GET"]}}],"collection":[{"href":"http:\/\/juma.type.pl\/index.php\/wp-json\/wp\/v2\/pages"}],"about":[{"href":"http:\/\/juma.type.pl\/index.php\/wp-json\/wp\/v2\/types\/page"}],"author":[{"embeddable":true,"href":"http:\/\/juma.type.pl\/index.php\/wp-json\/wp\/v2\/users\/1"}],"replies":[{"embeddable":true,"href":"http:\/\/juma.type.pl\/index.php\/wp-json\/wp\/v2\/comments?post=2770"}],"version-history":[{"count":1,"href":"http:\/\/juma.type.pl\/index.php\/wp-json\/wp\/v2\/pages\/2770\/revisions"}],"predecessor-version":[{"id":2771,"href":"http:\/\/juma.type.pl\/index.php\/wp-json\/wp\/v2\/pages\/2770\/revisions\/2771"}],"wp:attachment":[{"href":"http:\/\/juma.type.pl\/index.php\/wp-json\/wp\/v2\/media?parent=2770"}],"curies":[{"name":"wp","href":"https:\/\/api.w.org\/{rel}","templated":true}]}}