{"id":2761,"date":"2017-04-04T08:16:14","date_gmt":"2017-04-04T06:16:14","guid":{"rendered":"http:\/\/luban.hekko24.pl\/?page_id=2761"},"modified":"2017-04-04T10:21:25","modified_gmt":"2017-04-04T08:21:25","slug":"szkolenie-czas-zaczac","status":"publish","type":"page","link":"http:\/\/juma.type.pl\/index.php\/szkolenie-czas-zaczac\/","title":{"rendered":"Szkolenie czas zacz\u0105\u0107"},"content":{"rendered":"<p class=\"wpis\">Nadej\u015bcie wiosny postanowi\u0142am uczci\u0107 troch\u0119 inaczej ni\u017c dotychczas. Rozpocz\u0119\u0142am z Cub\u0105 szkolenie w zakresie PT. Je\u017adzimy do Psiej Szko\u0142y w Piasecznie, gdzie pod okiem do\u015bwiadczonych szkoleniowc\u00f3w przygotowujemy si\u0119 do egzamin\u00f3w PT. Dla Cuby jest to r\u00f3wnie\u017c okazja do zawarcia nowych psich znajomo\u015bci.<\/p>\n<p align=\"center\"><img loading=\"lazy\" decoding=\"async\" src=\"http:\/\/juma.type.pl\/NEW\/SUB\/AKTUALNOSCI\/SZKOLENIE_2010\/1.jpg\" width=\"434\" height=\"326\" border=\"0\" \/><\/p>\n<p align=\"center\"><img loading=\"lazy\" decoding=\"async\" src=\"http:\/\/juma.type.pl\/NEW\/SUB\/AKTUALNOSCI\/SZKOLENIE_2010\/2.jpg\" width=\"434\" height=\"326\" border=\"0\" \/><\/p>\n<p align=\"center\"><img loading=\"lazy\" decoding=\"async\" src=\"http:\/\/juma.type.pl\/NEW\/SUB\/AKTUALNOSCI\/SZKOLENIE_2010\/3.jpg\" width=\"434\" height=\"326\" border=\"0\" \/><\/p>\n<p align=\"center\"><img loading=\"lazy\" decoding=\"async\" src=\"http:\/\/juma.type.pl\/NEW\/SUB\/AKTUALNOSCI\/SZKOLENIE_2010\/4.jpg\" width=\"434\" height=\"326\" border=\"0\" \/><\/p>\n<p class=\"wpis\">Cuba, w przeciwie\u0144stwie do Jumy, bardzo p\u00f3\u017ano zacz\u0119\u0142a ucz\u0119szcza\u0107 do naszej ulubionej niedzielnej szk\u00f3\u0142ki. Na dodatek wyjazdy na wystawy i niestety inne moje obowi\u0105zki sprawi\u0142y, \u017ce tych niedzielnych spotka\u0144 ze szkoleniowcem jest bardzo ma\u0142o. Do tego wszystkiego Cuba jest bardzo dziecinna i bardziej jej w g\u0142owie zabawy i bieganina z innymi psami, ni\u017c powa\u017cna nauka podstaw pos\u0142usze\u0144stwa. A teraz mamy przymusow\u0105 przerw\u0119 spowodowan\u0105 cieczk\u0105 Cuby. Przez jaki\u015b czas b\u0119dziemy musia\u0142y \u0107wiczy\u0107 same, a do grupy wr\u00f3ci\u0107 dopiero pod koniec miesi\u0105ca.<\/p>\n<p align=\"center\">* W Grupie *<\/p>\n<p align=\"center\"><img loading=\"lazy\" decoding=\"async\" src=\"http:\/\/juma.type.pl\/NEW\/SUB\/GALERIA\/szkolenie2\/image1.jpg\" width=\"471\" height=\"353\" border=\"0\" \/><\/p>\n<p align=\"center\">* to mia\u0142o by\u0107 siad *<\/p>\n<p align=\"center\"><img loading=\"lazy\" decoding=\"async\" src=\"http:\/\/juma.type.pl\/NEW\/SUB\/GALERIA\/szkolenie2\/image2.jpg\" width=\"471\" height=\"353\" border=\"0\" \/><\/p>\n<p align=\"center\">* waruj *<\/p>\n<p align=\"center\"><img loading=\"lazy\" decoding=\"async\" src=\"http:\/\/juma.type.pl\/NEW\/SUB\/GALERIA\/szkolenie2\/image3.jpg\" width=\"471\" height=\"353\" border=\"0\" \/><\/p>\n<p align=\"center\">* pozostawienie na waruj *<\/p>\n<p align=\"center\"><img loading=\"lazy\" decoding=\"async\" src=\"http:\/\/juma.type.pl\/NEW\/SUB\/GALERIA\/szkolenie2\/image4.jpg\" width=\"471\" height=\"353\" border=\"0\" \/><\/p>\n<p align=\"center\">* zabawa podczas przerwy *<\/p>\n<p align=\"center\"><img loading=\"lazy\" decoding=\"async\" src=\"http:\/\/juma.type.pl\/NEW\/SUB\/GALERIA\/szkolenie2\/image5.jpg\" width=\"471\" height=\"353\" border=\"0\" \/><\/p>\n<p align=\"center\"><img loading=\"lazy\" decoding=\"async\" src=\"http:\/\/juma.type.pl\/NEW\/SUB\/GALERIA\/szkolenie2\/image6.jpg\" width=\"471\" height=\"353\" border=\"0\" \/><\/p>\n<p align=\"center\">* Cuba ze zdobyczn\u0105 butelk\u0105 *<\/p>\n<p align=\"center\"><img loading=\"lazy\" decoding=\"async\" src=\"http:\/\/juma.type.pl\/NEW\/SUB\/GALERIA\/szkolenie2\/image7.jpg\" width=\"471\" height=\"353\" border=\"0\" \/><\/p>\n<p align=\"center\">* odpoczynek *<\/p>\n<p align=\"center\"><img loading=\"lazy\" decoding=\"async\" src=\"http:\/\/juma.type.pl\/NEW\/SUB\/GALERIA\/szkolenie2\/image8.jpg\" width=\"471\" height=\"353\" border=\"0\" \/><\/p>\n<p align=\"center\"><img loading=\"lazy\" decoding=\"async\" src=\"http:\/\/juma.type.pl\/NEW\/SUB\/GALERIA\/szkolenie2\/image9.jpg\" width=\"471\" height=\"353\" border=\"0\" \/><\/p>\n<p align=\"center\">* Cuba ze swoimi adoratorami *<\/p>\n<p align=\"center\"><img loading=\"lazy\" decoding=\"async\" src=\"http:\/\/juma.type.pl\/NEW\/SUB\/GALERIA\/szkolenie2\/image10.jpg\" width=\"471\" height=\"353\" border=\"0\" \/><\/p>\n<p align=\"center\"><img loading=\"lazy\" decoding=\"async\" src=\"http:\/\/juma.type.pl\/NEW\/SUB\/GALERIA\/szkolenie2\/image11.jpg\" width=\"471\" height=\"353\" border=\"0\" \/><\/p>\n<p align=\"center\">* ukochany kolega \ud83d\ude42 *<\/p>\n<p align=\"center\"><img loading=\"lazy\" decoding=\"async\" src=\"http:\/\/juma.type.pl\/NEW\/SUB\/GALERIA\/szkolenie2\/image12.jpg\" width=\"471\" height=\"353\" border=\"0\" \/><\/p>\n<p>&nbsp;<\/p>\n","protected":false},"excerpt":{"rendered":"<p>Nadej\u015bcie wiosny postanowi\u0142am uczci\u0107 troch\u0119 inaczej ni\u017c dotychczas. Rozpocz\u0119\u0142am z Cub\u0105 szkolenie w zakresie PT. Je\u017adzimy do Psiej Szko\u0142y w Piasecznie, gdzie pod okiem do\u015bwiadczonych szkoleniowc\u00f3w przygotowujemy si\u0119 do egzamin\u00f3w PT. Dla Cuby jest to r\u00f3wnie\u017c okazja do zawarcia nowych psich znajomo\u015bci. Cuba, w przeciwie\u0144stwie do Jumy, bardzo p\u00f3\u017ano zacz\u0119\u0142a ucz\u0119szcza\u0107 do naszej ulubionej niedzielnej szk\u00f3\u0142ki. Na dodatek wyjazdy na wystawy i niestety inne moje obowi\u0105zki sprawi\u0142y, \u017ce tych niedzielnych spotka\u0144 ze szkoleniowcem jest bardzo ma\u0142o. Do tego wszystkiego Cuba&#8230;<\/p>\n<p class=\"read-more\"><a class=\"btn btn-default\" href=\"http:\/\/juma.type.pl\/index.php\/szkolenie-czas-zaczac\/\"> czytaj wi\u0119cej<span class=\"screen-reader-text\">  Czytaj wi\u0119cej<\/span><\/a><\/p>\n","protected":false},"author":1,"featured_media":0,"parent":0,"menu_order":0,"comment_status":"closed","ping_status":"closed","template":"","meta":{"footnotes":""},"class_list":["post-2761","page","type-page","status-publish","hentry"],"_links":{"self":[{"href":"http:\/\/juma.type.pl\/index.php\/wp-json\/wp\/v2\/pages\/2761","targetHints":{"allow":["GET"]}}],"collection":[{"href":"http:\/\/juma.type.pl\/index.php\/wp-json\/wp\/v2\/pages"}],"about":[{"href":"http:\/\/juma.type.pl\/index.php\/wp-json\/wp\/v2\/types\/page"}],"author":[{"embeddable":true,"href":"http:\/\/juma.type.pl\/index.php\/wp-json\/wp\/v2\/users\/1"}],"replies":[{"embeddable":true,"href":"http:\/\/juma.type.pl\/index.php\/wp-json\/wp\/v2\/comments?post=2761"}],"version-history":[{"count":1,"href":"http:\/\/juma.type.pl\/index.php\/wp-json\/wp\/v2\/pages\/2761\/revisions"}],"predecessor-version":[{"id":2762,"href":"http:\/\/juma.type.pl\/index.php\/wp-json\/wp\/v2\/pages\/2761\/revisions\/2762"}],"wp:attachment":[{"href":"http:\/\/juma.type.pl\/index.php\/wp-json\/wp\/v2\/media?parent=2761"}],"curies":[{"name":"wp","href":"https:\/\/api.w.org\/{rel}","templated":true}]}}