{"id":2380,"date":"2017-03-16T08:26:29","date_gmt":"2017-03-16T07:26:29","guid":{"rendered":"http:\/\/juma.wordpress\/?page_id=2380"},"modified":"2017-04-04T10:21:25","modified_gmt":"2017-04-04T08:21:25","slug":"galeria-rodzinna-cz-iv","status":"publish","type":"page","link":"http:\/\/juma.type.pl\/index.php\/galeria-rodzinna-cz-iv\/","title":{"rendered":"Galeria rodzinna cz. IV"},"content":{"rendered":"<p align=\"left\">W galerii rodzinnej pragn\u0119 zamie\u015bci\u0107 rownie\u017c zdj\u0119cia pi\u0119knego Imid\u017a Califa Drei House, kt\u00f3ry jest synem Infanty i Nestora iz Zoosfery. Bra\u0142 on udzia\u0142 w IDC w 2002 roku, gdzie zaj\u0105\u0142 2 miejsce w swojej klasie.<\/p>\n<p align=\"center\"><img loading=\"lazy\" decoding=\"async\" src=\"http:\/\/juma.type.pl\/NEW\/SUB\/GALERIA\/galeria_rodzinna4\/1.jpg\" width=\"347\" height=\"464\" border=\"0\" \/><\/p>\n<p align=\"center\"><img loading=\"lazy\" decoding=\"async\" src=\"http:\/\/juma.type.pl\/NEW\/SUB\/GALERIA\/galeria_rodzinna4\/2.jpg\" width=\"347\" height=\"223\" border=\"0\" \/><\/p>\n","protected":false},"excerpt":{"rendered":"<p>W galerii rodzinnej pragn\u0119 zamie\u015bci\u0107 rownie\u017c zdj\u0119cia pi\u0119knego Imid\u017a Califa Drei House, kt\u00f3ry jest synem Infanty i Nestora iz Zoosfery. Bra\u0142 on udzia\u0142 w IDC w 2002 roku, gdzie zaj\u0105\u0142 2 miejsce w swojej klasie.<\/p>\n","protected":false},"author":1,"featured_media":0,"parent":0,"menu_order":0,"comment_status":"closed","ping_status":"closed","template":"","meta":{"footnotes":""},"class_list":["post-2380","page","type-page","status-publish","hentry"],"_links":{"self":[{"href":"http:\/\/juma.type.pl\/index.php\/wp-json\/wp\/v2\/pages\/2380","targetHints":{"allow":["GET"]}}],"collection":[{"href":"http:\/\/juma.type.pl\/index.php\/wp-json\/wp\/v2\/pages"}],"about":[{"href":"http:\/\/juma.type.pl\/index.php\/wp-json\/wp\/v2\/types\/page"}],"author":[{"embeddable":true,"href":"http:\/\/juma.type.pl\/index.php\/wp-json\/wp\/v2\/users\/1"}],"replies":[{"embeddable":true,"href":"http:\/\/juma.type.pl\/index.php\/wp-json\/wp\/v2\/comments?post=2380"}],"version-history":[{"count":2,"href":"http:\/\/juma.type.pl\/index.php\/wp-json\/wp\/v2\/pages\/2380\/revisions"}],"predecessor-version":[{"id":2798,"href":"http:\/\/juma.type.pl\/index.php\/wp-json\/wp\/v2\/pages\/2380\/revisions\/2798"}],"wp:attachment":[{"href":"http:\/\/juma.type.pl\/index.php\/wp-json\/wp\/v2\/media?parent=2380"}],"curies":[{"name":"wp","href":"https:\/\/api.w.org\/{rel}","templated":true}]}}