{"id":2371,"date":"2017-03-16T08:22:32","date_gmt":"2017-03-16T07:22:32","guid":{"rendered":"http:\/\/juma.wordpress\/?page_id=2371"},"modified":"2017-04-04T10:21:25","modified_gmt":"2017-04-04T08:21:25","slug":"galeria-rodzinna-cz-iii","status":"publish","type":"page","link":"http:\/\/juma.type.pl\/index.php\/galeria-rodzinna-cz-iii\/","title":{"rendered":"Galeria rodzinna cz. III"},"content":{"rendered":"<p align=\"left\">W rodzinnej galerii nie mo\u017ce zabrakn\u0105\u0107 przyrodniego rodze\u0144stwa Cuby. 20 grudnia 2004 roku Arlett urodzi\u0142a swoje pierwsze dzieci ojcem jest Smart Wood Hills ILIOS. Z miotu tego pochodz\u0105 Ringo, Rokoko i Ragtime.<\/p>\n<p align=\"center\">\n<p align=\"center\"><span\">Ringo<\/span><\/p>\n<p align=\"center\"><span\"><img loading=\"lazy\" decoding=\"async\" src=\"http:\/\/juma.type.pl\/NEW\/SUB\/GALERIA\/galeria_rodzinna3\/1.jpg\" width=\"347\" height=\"234\" border=\"0\" \/><\/span><\/p>\n<p align=\"center\"><span\"><img loading=\"lazy\" decoding=\"async\" src=\"http:\/\/juma.type.pl\/NEW\/SUB\/GALERIA\/galeria_rodzinna3\/4.jpg\" width=\"347\" height=\"497\" border=\"0\" \/><\/span><\/p>\n<p>&nbsp;<\/p>\n<p align=\"center\"><span\">na IDC 2005r<\/span><\/p>\n<p align=\"center\"><span\"><img loading=\"lazy\" decoding=\"async\" src=\"http:\/\/juma.type.pl\/NEW\/SUB\/GALERIA\/galeria_rodzinna3\/2.jpg\" width=\"347\" height=\"463\" border=\"0\" \/><\/span><\/p>\n<p>&nbsp;<\/p>\n<p align=\"center\"><span\">Rokoko<\/span><\/p>\n<p align=\"center\"><span\"><img loading=\"lazy\" decoding=\"async\" src=\"http:\/\/juma.type.pl\/NEW\/SUB\/GALERIA\/galeria_rodzinna3\/3.jpg\" width=\"347\" height=\"463\" border=\"0\" \/><\/span><\/p>\n<p>&nbsp;<\/p>\n<p align=\"center\"><span\">Ragtime<\/span><\/p>\n<p align=\"center\"><span\"><img loading=\"lazy\" decoding=\"async\" src=\"http:\/\/juma.type.pl\/NEW\/SUB\/GALERIA\/galeria_rodzinna3\/6.jpg\" width=\"347\" height=\"463\" border=\"0\" \/><\/span><\/p>\n<p>&nbsp;<\/p>\n<p align=\"center\"><span\">Ragtime ze swoj\u0105 pani\u0105<\/span><\/p>\n<p align=\"center\"><span\"><img loading=\"lazy\" decoding=\"async\" src=\"http:\/\/juma.type.pl\/NEW\/SUB\/GALERIA\/galeria_rodzinna3\/5.jpg\" width=\"347\" height=\"260\" border=\"0\" \/><\/span><\/p>\n","protected":false},"excerpt":{"rendered":"<p>W rodzinnej galerii nie mo\u017ce zabrakn\u0105\u0107 przyrodniego rodze\u0144stwa Cuby. 20 grudnia 2004 roku Arlett urodzi\u0142a swoje pierwsze dzieci ojcem jest Smart Wood Hills ILIOS. Z miotu tego pochodz\u0105 Ringo, Rokoko i Ragtime. na IDC 2005r Rokoko Ragtime Ragtime ze swoj\u0105 pani\u0105<\/p>\n","protected":false},"author":1,"featured_media":0,"parent":0,"menu_order":0,"comment_status":"closed","ping_status":"closed","template":"","meta":{"footnotes":""},"class_list":["post-2371","page","type-page","status-publish","hentry"],"_links":{"self":[{"href":"http:\/\/juma.type.pl\/index.php\/wp-json\/wp\/v2\/pages\/2371","targetHints":{"allow":["GET"]}}],"collection":[{"href":"http:\/\/juma.type.pl\/index.php\/wp-json\/wp\/v2\/pages"}],"about":[{"href":"http:\/\/juma.type.pl\/index.php\/wp-json\/wp\/v2\/types\/page"}],"author":[{"embeddable":true,"href":"http:\/\/juma.type.pl\/index.php\/wp-json\/wp\/v2\/users\/1"}],"replies":[{"embeddable":true,"href":"http:\/\/juma.type.pl\/index.php\/wp-json\/wp\/v2\/comments?post=2371"}],"version-history":[{"count":3,"href":"http:\/\/juma.type.pl\/index.php\/wp-json\/wp\/v2\/pages\/2371\/revisions"}],"predecessor-version":[{"id":2797,"href":"http:\/\/juma.type.pl\/index.php\/wp-json\/wp\/v2\/pages\/2371\/revisions\/2797"}],"wp:attachment":[{"href":"http:\/\/juma.type.pl\/index.php\/wp-json\/wp\/v2\/media?parent=2371"}],"curies":[{"name":"wp","href":"https:\/\/api.w.org\/{rel}","templated":true}]}}