{"id":2322,"date":"2017-03-16T08:10:44","date_gmt":"2017-03-16T07:10:44","guid":{"rendered":"http:\/\/juma.wordpress\/?page_id=2322"},"modified":"2017-04-04T10:21:25","modified_gmt":"2017-04-04T08:21:25","slug":"galeria-rodzinna-cz-i","status":"publish","type":"page","link":"http:\/\/juma.type.pl\/index.php\/galeria-rodzinna-cz-i\/","title":{"rendered":"Galeria rodzinna cz. I"},"content":{"rendered":"<p align=\"left\"><span style=\"color: #e6dfc9;\">Dzi\u0119ki uprzejmo\u015bci Natalie Dreyer \/hodowca LeLetton\/, kt\u00f3ra przys\u0142a\u0142a mi wiele zdj\u0119\u0107 przodk\u00f3w i rodze\u0144stwa Cuby mog\u0142am stworzy\u0107 t\u0105 rodzinn\u0105 galeri\u0119.<\/span><\/p>\n<p align=\"center\">\n<p align=\"center\"><span style=\"color: #e6dfc9;\">Alfa Romeo &#8211; prapra dziadek, ojciec Istelli<\/span><\/p>\n<p align=\"center\"><span style=\"color: #e6dfc9;\"><img loading=\"lazy\" decoding=\"async\" src=\"http:\/\/juma.type.pl\/NEW\/SUB\/GALERIA\/galeria_rodzinna1\/1.jpg\" width=\"291\" height=\"375\" border=\"0\" \/><\/span><\/p>\n<p align=\"center\"><span style=\"color: #e6dfc9;\"><img loading=\"lazy\" decoding=\"async\" src=\"http:\/\/juma.type.pl\/NEW\/SUB\/GALERIA\/galeria_rodzinna1\/1a.jpg\" width=\"300\" height=\"227\" border=\"0\" \/><\/span><\/p>\n<p align=\"center\"><span style=\"color: #e6dfc9;\">Istella Drei Imid\u017a &#8211; matka Infanty<\/span><\/p>\n<p align=\"center\"><span style=\"color: #e6dfc9;\"><img loading=\"lazy\" decoding=\"async\" src=\"http:\/\/juma.type.pl\/NEW\/SUB\/GALERIA\/galeria_rodzinna1\/2.jpg\" width=\"300\" height=\"219\" border=\"0\" \/><\/span><\/p>\n<p align=\"center\">\n<p align=\"center\"><span style=\"color: #e6dfc9;\">Bronzobruno del Citone &#8211; ojciec Infanty<\/span><\/p>\n<p align=\"center\"><span style=\"color: #e6dfc9;\"><img loading=\"lazy\" decoding=\"async\" src=\"http:\/\/juma.type.pl\/NEW\/SUB\/GALERIA\/galeria_rodzinna1\/3.jpg\" width=\"374\" height=\"276\" border=\"0\" \/><\/span><\/p>\n<p align=\"center\"><span style=\"color: #e6dfc9;\">Infanta Pekarski Drei House &#8211; matka Arlett<\/span><\/p>\n<p align=\"center\"><span style=\"color: #e6dfc9;\"><img loading=\"lazy\" decoding=\"async\" src=\"http:\/\/juma.type.pl\/NEW\/SUB\/GALERIA\/galeria_rodzinna1\/4.jpg\" width=\"387\" height=\"285\" border=\"0\" \/><\/span><\/p>\n<p align=\"center\"><span style=\"color: #e6dfc9;\"><img loading=\"lazy\" decoding=\"async\" src=\"http:\/\/juma.type.pl\/NEW\/SUB\/GALERIA\/galeria_rodzinna1\/5.jpg\" width=\"222\" height=\"306\" border=\"0\" \/><\/span><\/p>\n<p align=\"center\"><span style=\"color: #e6dfc9;\"><img loading=\"lazy\" decoding=\"async\" src=\"http:\/\/juma.type.pl\/NEW\/SUB\/GALERIA\/galeria_rodzinna1\/6.jpg\" width=\"339\" height=\"274\" border=\"0\" \/><\/span><\/p>\n<p align=\"center\"><span style=\"color: #e6dfc9;\">Arlett Akvarel Drei Imid\u017a- matka Cuby<\/span><\/p>\n<p align=\"center\"><span style=\"color: #e6dfc9;\"><img loading=\"lazy\" decoding=\"async\" src=\"http:\/\/juma.type.pl\/NEW\/SUB\/GALERIA\/galeria_rodzinna1\/7.jpg\" width=\"374\" height=\"299\" border=\"0\" \/><\/span><\/p>\n<p align=\"center\"><span style=\"color: #e6dfc9;\"><img loading=\"lazy\" decoding=\"async\" src=\"http:\/\/juma.type.pl\/NEW\/SUB\/GALERIA\/galeria_rodzinna1\/8.jpg\" width=\"374\" height=\"318\" border=\"0\" \/><\/span><\/p>\n<p align=\"center\"><span style=\"color: #e6dfc9;\"><img loading=\"lazy\" decoding=\"async\" src=\"http:\/\/juma.type.pl\/NEW\/SUB\/GALERIA\/galeria_rodzinna1\/9.jpg\" width=\"374\" height=\"621\" border=\"0\" \/><\/span><\/p>\n<p align=\"center\"><span style=\"color: #e6dfc9;\"><img loading=\"lazy\" decoding=\"async\" src=\"http:\/\/juma.type.pl\/NEW\/SUB\/GALERIA\/galeria_rodzinna1\/10.jpg\" width=\"374\" height=\"368\" border=\"0\" \/><\/span><\/p>\n<p align=\"center\"><span style=\"color: #e6dfc9;\"><img loading=\"lazy\" decoding=\"async\" src=\"http:\/\/juma.type.pl\/NEW\/SUB\/GALERIA\/galeria_rodzinna1\/11.jpg\" width=\"374\" height=\"266\" border=\"0\" \/><\/span><\/p>\n<p align=\"center\"><span style=\"color: #e6dfc9;\">Arlett na IDC Pary\u017c 2001<\/span><\/p>\n<p align=\"center\"><span style=\"color: #e6dfc9;\"><img loading=\"lazy\" decoding=\"async\" src=\"http:\/\/juma.type.pl\/NEW\/SUB\/GALERIA\/galeria_rodzinna1\/12.jpg\" width=\"374\" height=\"298\" border=\"0\" \/><\/span><\/p>\n<p align=\"center\"><span style=\"color: #e6dfc9;\"><img loading=\"lazy\" decoding=\"async\" src=\"http:\/\/juma.type.pl\/NEW\/SUB\/GALERIA\/galeria_rodzinna1\/13.jpg\" width=\"360\" height=\"349\" border=\"0\" \/><\/span><\/p>\n<p align=\"center\"><b>Rodze\u0144stwo miotowe Arlett<\/b><\/p>\n<p align=\"center\"><span style=\"color: #e6dfc9;\">Archibald Allegro<\/span><\/p>\n<p align=\"center\"><span style=\"color: #e6dfc9;\"><img loading=\"lazy\" decoding=\"async\" src=\"http:\/\/juma.type.pl\/NEW\/SUB\/GALERIA\/galeria_rodzinna1\/14.jpg\" width=\"331\" height=\"270\" border=\"0\" \/><\/span><\/p>\n<p align=\"center\"><span style=\"color: #e6dfc9;\"><img loading=\"lazy\" decoding=\"async\" src=\"http:\/\/juma.type.pl\/NEW\/SUB\/GALERIA\/galeria_rodzinna1\/15.jpg\" width=\"374\" height=\"380\" border=\"0\" \/><\/span><\/p>\n<p align=\"center\"><span style=\"color: #e6dfc9;\"><img loading=\"lazy\" decoding=\"async\" src=\"http:\/\/juma.type.pl\/NEW\/SUB\/GALERIA\/galeria_rodzinna1\/16.jpg\" width=\"374\" height=\"286\" border=\"0\" \/><\/span><\/p>\n<p align=\"center\"><span style=\"color: #e6dfc9;\">Anfisa Antuanetta<\/span><\/p>\n<p align=\"center\"><span style=\"color: #e6dfc9;\"><img loading=\"lazy\" decoding=\"async\" src=\"http:\/\/juma.type.pl\/NEW\/SUB\/GALERIA\/galeria_rodzinna1\/17.jpg\" width=\"374\" height=\"242\" border=\"0\" \/><\/span><\/p>\n<p align=\"center\"><span style=\"color: #e6dfc9;\">Alfa Alexio<\/span><\/p>\n<p align=\"center\"><span style=\"color: #e6dfc9;\"><img loading=\"lazy\" decoding=\"async\" src=\"http:\/\/juma.type.pl\/NEW\/SUB\/GALERIA\/galeria_rodzinna1\/18.jpg\" width=\"227\" height=\"320\" border=\"0\" \/><\/span><\/p>\n<p align=\"center\"><span style=\"color: #e6dfc9;\"><img loading=\"lazy\" decoding=\"async\" src=\"http:\/\/juma.type.pl\/NEW\/SUB\/GALERIA\/galeria_rodzinna1\/19.jpg\" width=\"354\" height=\"271\" border=\"0\" \/><\/span><\/p>\n","protected":false},"excerpt":{"rendered":"<p>Dzi\u0119ki uprzejmo\u015bci Natalie Dreyer \/hodowca LeLetton\/, kt\u00f3ra przys\u0142a\u0142a mi wiele zdj\u0119\u0107 przodk\u00f3w i rodze\u0144stwa Cuby mog\u0142am stworzy\u0107 t\u0105 rodzinn\u0105 galeri\u0119. Alfa Romeo &#8211; prapra dziadek, ojciec Istelli Istella Drei Imid\u017a &#8211; matka Infanty Bronzobruno del Citone &#8211; ojciec Infanty Infanta Pekarski Drei House &#8211; matka Arlett Arlett Akvarel Drei Imid\u017a- matka Cuby Arlett na IDC Pary\u017c 2001 Rodze\u0144stwo miotowe Arlett Archibald Allegro Anfisa Antuanetta Alfa Alexio<\/p>\n","protected":false},"author":1,"featured_media":0,"parent":0,"menu_order":0,"comment_status":"closed","ping_status":"closed","template":"","meta":{"footnotes":""},"class_list":["post-2322","page","type-page","status-publish","hentry"],"_links":{"self":[{"href":"http:\/\/juma.type.pl\/index.php\/wp-json\/wp\/v2\/pages\/2322","targetHints":{"allow":["GET"]}}],"collection":[{"href":"http:\/\/juma.type.pl\/index.php\/wp-json\/wp\/v2\/pages"}],"about":[{"href":"http:\/\/juma.type.pl\/index.php\/wp-json\/wp\/v2\/types\/page"}],"author":[{"embeddable":true,"href":"http:\/\/juma.type.pl\/index.php\/wp-json\/wp\/v2\/users\/1"}],"replies":[{"embeddable":true,"href":"http:\/\/juma.type.pl\/index.php\/wp-json\/wp\/v2\/comments?post=2322"}],"version-history":[{"count":3,"href":"http:\/\/juma.type.pl\/index.php\/wp-json\/wp\/v2\/pages\/2322\/revisions"}],"predecessor-version":[{"id":2793,"href":"http:\/\/juma.type.pl\/index.php\/wp-json\/wp\/v2\/pages\/2322\/revisions\/2793"}],"wp:attachment":[{"href":"http:\/\/juma.type.pl\/index.php\/wp-json\/wp\/v2\/media?parent=2322"}],"curies":[{"name":"wp","href":"https:\/\/api.w.org\/{rel}","templated":true}]}}