{"id":2265,"date":"2017-03-15T22:31:17","date_gmt":"2017-03-15T21:31:17","guid":{"rendered":"http:\/\/juma.wordpress\/?page_id=2265"},"modified":"2017-04-04T10:21:25","modified_gmt":"2017-04-04T08:21:25","slug":"przyjaciele-jumy","status":"publish","type":"page","link":"http:\/\/juma.type.pl\/index.php\/przyjaciele-jumy\/","title":{"rendered":"Przyjaciele Jumy"},"content":{"rendered":"<p align=\"center\"><span>Kolega ze szkolenia<\/span><\/p>\n<p align=\"center\"><img loading=\"lazy\" decoding=\"async\" src=\"http:\/\/juma.type.pl\/NEW\/SUB\/GALERIA\/przyjaciele\/kolega.jpg\" width=\"418\" height=\"274\" border=\"0\" \/><\/p>\n<p align=\"center\">\n<p align=\"center\"><span>ELZA Szmaragd Nocy, JUMA, GINA Szmaragd Nocy<\/span><\/p>\n<p align=\"center\"><img loading=\"lazy\" decoding=\"async\" src=\"http:\/\/juma.type.pl\/NEW\/SUB\/GALERIA\/przyjaciele\/diego_gina1.jpg\" width=\"466\" height=\"305\" border=\"0\" \/><\/p>\n<p align=\"center\"><img loading=\"lazy\" decoding=\"async\" src=\"http:\/\/juma.type.pl\/NEW\/SUB\/GALERIA\/przyjaciele\/diego_gina.jpg\" width=\"454\" height=\"305\" border=\"0\" \/><\/p>\n<p align=\"center\"><span>AMON,  PLUTO Daker ( Diego ),  JUMA<\/span><\/p>\n<p align=\"center\"><img loading=\"lazy\" decoding=\"async\" src=\"http:\/\/juma.type.pl\/NEW\/SUB\/GALERIA\/przyjaciele\/diego_amon.jpg\" width=\"424\" height=\"424\" border=\"0\" \/><\/p>\n<p align=\"center\">\n<p align=\"center\"><span>AMON,  JUMA,  GINA Szmaragd Nocy,  PLUTO Daker<\/span><\/p>\n<p align=\"center\"><img loading=\"lazy\" decoding=\"async\" src=\"http:\/\/juma.type.pl\/NEW\/SUB\/GALERIA\/przyjaciele\/amon_diego_gina.jpg\" width=\"462\" height=\"229\" border=\"0\" \/><\/p>\n<p align=\"center\">\n<p align=\"center\"><span>JUMA ,  ERIX Jar-Smyk ( Trip)  i  GINA Szmaragd Nocy<\/span><\/p>\n<p align=\"center\"><img loading=\"lazy\" decoding=\"async\" src=\"http:\/\/juma.type.pl\/NEW\/SUB\/GALERIA\/przyjaciele\/trip_gina.jpg\" width=\"414\" height=\"281\" border=\"0\" \/><\/p>\n<p align=\"center\"><img loading=\"lazy\" decoding=\"async\" src=\"http:\/\/juma.type.pl\/NEW\/SUB\/GALERIA\/przyjaciele\/trip_gina1.jpg\" width=\"411\" height=\"276\" border=\"0\" \/><\/p>\n<p align=\"center\">\n<p align=\"center\"><span>JUMA  i  ERIX Jar Smyk (Trip)<\/span><\/p>\n<p align=\"center\"><img loading=\"lazy\" decoding=\"async\" src=\"http:\/\/juma.type.pl\/NEW\/SUB\/GALERIA\/przyjaciele\/trip.jpg\" width=\"421\" height=\"316\" border=\"0\" \/><\/p>\n<p align=\"center\"><span><span style=\"font-size: small;\">od lewej:<\/span> JAPAN Bene Meritus, MONA LISA Apologeta  i  JUMA<\/span><\/p>\n<p align=\"center\"><img loading=\"lazy\" decoding=\"async\" src=\"http:\/\/juma.type.pl\/NEW\/SUB\/GALERIA\/przyjaciele\/juma_6_8mies8.jpg\" width=\"454\" height=\"382\" border=\"0\" \/><\/p>\n<p align=\"center\">\n<p align=\"center\"><span><span style=\"font-size: small;\">od lewej: <\/span>VIVIENNE Miratio,  ERIX Jar Smyk,  GERDA Adoracja<\/span><\/p>\n<p align=\"center\"><img loading=\"lazy\" decoding=\"async\" src=\"http:\/\/juma.type.pl\/NEW\/SUB\/GALERIA\/przyjaciele\/juma_6_8mies7.jpg\" width=\"416\" height=\"333\" border=\"0\" \/><\/p>\n<p align=\"center\">\n<p align=\"center\"><span>Bo\u017cenka<\/span><\/p>\n<p align=\"center\"><img loading=\"lazy\" decoding=\"async\" src=\"http:\/\/juma.type.pl\/NEW\/SUB\/GALERIA\/przyjaciele\/bozenka.jpg\" width=\"436\" height=\"273\" border=\"0\" \/><\/p>\n<p align=\"center\">\n<p align=\"center\"><span>Juma  i  Amon<\/span><\/p>\n<p align=\"center\"><img loading=\"lazy\" decoding=\"async\" src=\"http:\/\/juma.type.pl\/NEW\/SUB\/GALERIA\/przyjaciele\/amon.jpg\" width=\"423\" height=\"352\" border=\"0\" \/><\/p>\n<p align=\"center\"><img loading=\"lazy\" decoding=\"async\" src=\"http:\/\/juma.type.pl\/NEW\/SUB\/GALERIA\/przyjaciele\/amon1.jpg\" width=\"404\" height=\"259\" border=\"0\" \/><\/p>\n<p align=\"center\">\n<p align=\"center\"><span>Juma  i  GINA Szmaragd Nocy<\/span><\/p>\n<p align=\"center\"><img loading=\"lazy\" decoding=\"async\" src=\"http:\/\/juma.type.pl\/NEW\/SUB\/GALERIA\/przyjaciele\/gina1.jpg\" width=\"445\" height=\"244\" border=\"0\" \/><\/p>\n<p align=\"center\"><img loading=\"lazy\" decoding=\"async\" src=\"http:\/\/juma.type.pl\/NEW\/SUB\/GALERIA\/przyjaciele\/gina.jpg\" width=\"358\" height=\"453\" border=\"0\" \/><\/p>\n<p align=\"center\">\n<p align=\"center\"><span>Morus  i  Black<\/span><\/p>\n<p align=\"center\"><img loading=\"lazy\" decoding=\"async\" src=\"http:\/\/juma.type.pl\/NEW\/SUB\/GALERIA\/przyjaciele\/morus_black.jpg\" width=\"413\" height=\"271\" border=\"0\" \/><\/p>\n<p align=\"center\">\n<p align=\"center\"><span>Nora<\/span><\/p>\n<p align=\"center\"><img loading=\"lazy\" decoding=\"async\" src=\"http:\/\/juma.type.pl\/NEW\/SUB\/GALERIA\/przyjaciele\/nora.jpg\" width=\"274\" height=\"416\" border=\"0\" \/><\/p>\n<p align=\"center\">\n<p align=\"center\"><span>Znajomi ze szkolenia<\/span><\/p>\n<p align=\"center\"><span><img loading=\"lazy\" decoding=\"async\" src=\"http:\/\/juma.type.pl\/NEW\/SUB\/GALERIA\/przyjaciele\/koledzy.jpg\" width=\"421\" height=\"271\" border=\"0\" \/><\/span><\/p>\n<p align=\"center\">\n<p align=\"center\"><span>Poni\u017cej 5 miesi\u0119czna Juma wraz z Remusem<\/span><\/p>\n<p align=\"center\"><span><img loading=\"lazy\" decoding=\"async\" src=\"http:\/\/juma.type.pl\/NEW\/SUB\/GALERIA\/przyjaciele\/remus1.jpg\" width=\"404\" height=\"303\" border=\"0\" \/><\/span><\/p>\n<p align=\"center\"><img loading=\"lazy\" decoding=\"async\" src=\"http:\/\/juma.type.pl\/NEW\/SUB\/GALERIA\/przyjaciele\/remus.jpg\" width=\"404\" height=\"303\" border=\"0\" \/><\/p>\n<p align=\"center\">\n<p align=\"center\"><span>Juma z CHARISM\u0104  Akagera (Czesia)<\/span><\/p>\n<p align=\"center\"><img loading=\"lazy\" decoding=\"async\" src=\"http:\/\/juma.type.pl\/NEW\/SUB\/GALERIA\/przyjaciele\/czesia.jpg\" width=\"450\" height=\"319\" border=\"0\" \/><\/p>\n<p align=\"center\"><span>zabawa z Czesi\u0105<\/span><\/p>\n<p align=\"center\"><span><img loading=\"lazy\" decoding=\"async\" src=\"http:\/\/juma.type.pl\/NEW\/SUB\/GALERIA\/przyjaciele\/czesia1.jpg\" width=\"450\" height=\"304\" border=\"0\" \/><\/span><\/p>\n<p align=\"center\"><span>z Czesi\u0105 czekamy na miche &#8230;<\/span><\/p>\n<p align=\"center\"><span><img loading=\"lazy\" decoding=\"async\" src=\"http:\/\/juma.type.pl\/NEW\/SUB\/GALERIA\/przyjaciele\/czesia2.bmp\" width=\"303\" height=\"466\" border=\"0\" \/><\/span><\/p>\n<p align=\"center\">\n<p align=\"center\"><span>Juma , Czesia i  PLUTO Daker (Diego)<\/span><\/p>\n<p align=\"center\"><img loading=\"lazy\" decoding=\"async\" src=\"http:\/\/juma.type.pl\/NEW\/SUB\/GALERIA\/przyjaciele\/czesia_diego.jpg\" width=\"404\" height=\"261\" border=\"0\" \/><\/p>\n<p align=\"center\">\n<p align=\"center\"><span>spacer z przyjaci\u00f3\u0142mi &#8230;<\/span><\/p>\n<p align=\"center\"><img loading=\"lazy\" decoding=\"async\" src=\"http:\/\/juma.type.pl\/NEW\/SUB\/GALERIA\/przyjaciele\/spacer.jpg\" width=\"472\" height=\"301\" border=\"0\" \/><\/p>\n","protected":false},"excerpt":{"rendered":"<p>Kolega ze szkolenia ELZA Szmaragd Nocy, JUMA, GINA Szmaragd Nocy AMON, PLUTO Daker ( Diego ), JUMA AMON, JUMA, GINA Szmaragd Nocy, PLUTO Daker JUMA , ERIX Jar-Smyk ( Trip) i GINA Szmaragd Nocy JUMA i ERIX Jar Smyk (Trip) od lewej: JAPAN Bene Meritus, MONA LISA Apologeta i JUMA od lewej: VIVIENNE Miratio, ERIX Jar Smyk, GERDA Adoracja Bo\u017cenka Juma i Amon Juma i GINA Szmaragd Nocy Morus i Black Nora Znajomi ze szkolenia Poni\u017cej 5 miesi\u0119czna Juma wraz&#8230;<\/p>\n<p class=\"read-more\"><a class=\"btn btn-default\" href=\"http:\/\/juma.type.pl\/index.php\/przyjaciele-jumy\/\"> czytaj wi\u0119cej<span class=\"screen-reader-text\">  Czytaj wi\u0119cej<\/span><\/a><\/p>\n","protected":false},"author":1,"featured_media":0,"parent":0,"menu_order":0,"comment_status":"closed","ping_status":"closed","template":"","meta":{"footnotes":""},"class_list":["post-2265","page","type-page","status-publish","hentry"],"_links":{"self":[{"href":"http:\/\/juma.type.pl\/index.php\/wp-json\/wp\/v2\/pages\/2265","targetHints":{"allow":["GET"]}}],"collection":[{"href":"http:\/\/juma.type.pl\/index.php\/wp-json\/wp\/v2\/pages"}],"about":[{"href":"http:\/\/juma.type.pl\/index.php\/wp-json\/wp\/v2\/types\/page"}],"author":[{"embeddable":true,"href":"http:\/\/juma.type.pl\/index.php\/wp-json\/wp\/v2\/users\/1"}],"replies":[{"embeddable":true,"href":"http:\/\/juma.type.pl\/index.php\/wp-json\/wp\/v2\/comments?post=2265"}],"version-history":[{"count":3,"href":"http:\/\/juma.type.pl\/index.php\/wp-json\/wp\/v2\/pages\/2265\/revisions"}],"predecessor-version":[{"id":2789,"href":"http:\/\/juma.type.pl\/index.php\/wp-json\/wp\/v2\/pages\/2265\/revisions\/2789"}],"wp:attachment":[{"href":"http:\/\/juma.type.pl\/index.php\/wp-json\/wp\/v2\/media?parent=2265"}],"curies":[{"name":"wp","href":"https:\/\/api.w.org\/{rel}","templated":true}]}}