{"id":2240,"date":"2017-03-15T08:54:44","date_gmt":"2017-03-15T07:54:44","guid":{"rendered":"http:\/\/juma.wordpress\/?page_id=2240"},"modified":"2017-04-04T10:21:25","modified_gmt":"2017-04-04T08:21:25","slug":"juma-3-4-5-miesiecy","status":"publish","type":"page","link":"http:\/\/juma.type.pl\/index.php\/juma-3-4-5-miesiecy\/","title":{"rendered":"Juma &#8211; 3, 4, 5 miesi\u0119cy"},"content":{"rendered":"<p align=\"center\"><i>* Juma od 3.5 miesi\u0105ca do 5 miesi\u0119cy *<\/i><\/p>\n<p align=\"center\">3,5 miesi\u0105ca<\/p>\n<p align=\"center\"><i><img loading=\"lazy\" decoding=\"async\" src=\"http:\/\/juma.type.pl\/NEW\/SUB\/GALERIA\/3-5mies\/juma_3.5mies.jpg\" width=\"361\" height=\"475\" border=\"0\" \/><\/i><\/p>\n<p align=\"center\"><i><img loading=\"lazy\" decoding=\"async\" src=\"http:\/\/juma.type.pl\/NEW\/SUB\/GALERIA\/3-5mies\/juma_3.5mies1.jpg\" width=\"252\" height=\"327\" border=\"0\" \/><\/i><\/p>\n<p align=\"center\"><i><img loading=\"lazy\" decoding=\"async\" src=\"http:\/\/juma.type.pl\/NEW\/SUB\/GALERIA\/3-5mies\/juma_3.5mies2.jpg\" width=\"444\" height=\"345\" border=\"0\" \/><\/i><\/p>\n<p align=\"center\">wa\u017cenie &#8230;<\/p>\n<p align=\"center\"><img loading=\"lazy\" decoding=\"async\" src=\"http:\/\/juma.type.pl\/NEW\/SUB\/GALERIA\/3-5mies\/juma_3_5mies.jpg\" width=\"375\" height=\"426\" border=\"0\" \/><\/p>\n<p align=\"center\">jedzonko &#8230;<\/p>\n<p align=\"center\"><img loading=\"lazy\" decoding=\"async\" src=\"http:\/\/juma.type.pl\/NEW\/SUB\/GALERIA\/3-5mies\/juma_3_5mies1.jpg\" width=\"452\" height=\"341\" border=\"0\" \/><\/p>\n<p align=\"center\">4 miesi\u0105ce<\/p>\n<p align=\"center\"><img loading=\"lazy\" decoding=\"async\" src=\"http:\/\/juma.type.pl\/NEW\/SUB\/GALERIA\/3-5mies\/juma_4mies.jpg\" width=\"404\" height=\"303\" border=\"0\" \/><\/p>\n<p align=\"center\"><img loading=\"lazy\" decoding=\"async\" src=\"http:\/\/juma.type.pl\/NEW\/SUB\/GALERIA\/3-5mies\/juma_4mies1.jpg\" width=\"268\" height=\"332\" border=\"0\" \/><\/p>\n<p align=\"center\"><img loading=\"lazy\" decoding=\"async\" src=\"http:\/\/juma.type.pl\/NEW\/SUB\/GALERIA\/3-5mies\/juma_4mies2.jpg\" width=\"282\" height=\"340\" border=\"0\" \/><\/p>\n<p align=\"center\">5 miesi\u0119cy<\/p>\n<p align=\"center\"><img loading=\"lazy\" decoding=\"async\" src=\"http:\/\/juma.type.pl\/NEW\/SUB\/GALERIA\/3-5mies\/juma_5mies1.jpg\" width=\"404\" height=\"303\" border=\"0\" \/><\/p>\n<p align=\"center\"><img loading=\"lazy\" decoding=\"async\" src=\"http:\/\/juma.type.pl\/NEW\/SUB\/GALERIA\/3-5mies\/juma_5mies.jpg\" width=\"404\" height=\"303\" border=\"0\" \/><\/p>\n<p align=\"center\">bal &#8230;<\/p>\n<p align=\"center\"><img loading=\"lazy\" decoding=\"async\" src=\"http:\/\/juma.type.pl\/NEW\/SUB\/GALERIA\/3-5mies\/juma_3_5mies2.jpg\" width=\"327\" height=\"435\" border=\"0\" \/><\/p>\n","protected":false},"excerpt":{"rendered":"<p>* Juma od 3.5 miesi\u0105ca do 5 miesi\u0119cy * 3,5 miesi\u0105ca wa\u017cenie &#8230; jedzonko &#8230; 4 miesi\u0105ce 5 miesi\u0119cy bal &#8230;<\/p>\n","protected":false},"author":1,"featured_media":0,"parent":0,"menu_order":0,"comment_status":"closed","ping_status":"closed","template":"","meta":{"footnotes":""},"class_list":["post-2240","page","type-page","status-publish","hentry"],"_links":{"self":[{"href":"http:\/\/juma.type.pl\/index.php\/wp-json\/wp\/v2\/pages\/2240","targetHints":{"allow":["GET"]}}],"collection":[{"href":"http:\/\/juma.type.pl\/index.php\/wp-json\/wp\/v2\/pages"}],"about":[{"href":"http:\/\/juma.type.pl\/index.php\/wp-json\/wp\/v2\/types\/page"}],"author":[{"embeddable":true,"href":"http:\/\/juma.type.pl\/index.php\/wp-json\/wp\/v2\/users\/1"}],"replies":[{"embeddable":true,"href":"http:\/\/juma.type.pl\/index.php\/wp-json\/wp\/v2\/comments?post=2240"}],"version-history":[{"count":3,"href":"http:\/\/juma.type.pl\/index.php\/wp-json\/wp\/v2\/pages\/2240\/revisions"}],"predecessor-version":[{"id":2780,"href":"http:\/\/juma.type.pl\/index.php\/wp-json\/wp\/v2\/pages\/2240\/revisions\/2780"}],"wp:attachment":[{"href":"http:\/\/juma.type.pl\/index.php\/wp-json\/wp\/v2\/media?parent=2240"}],"curies":[{"name":"wp","href":"https:\/\/api.w.org\/{rel}","templated":true}]}}