{"id":2217,"date":"2017-03-15T08:49:25","date_gmt":"2017-03-15T07:49:25","guid":{"rendered":"http:\/\/juma.wordpress\/?page_id=2217"},"modified":"2017-04-04T10:21:25","modified_gmt":"2017-04-04T08:21:25","slug":"juma-6-7-8-miesiecy","status":"publish","type":"page","link":"http:\/\/juma.type.pl\/index.php\/juma-6-7-8-miesiecy\/","title":{"rendered":"Juma &#8211; 6, 7, 8 miesi\u0119cy"},"content":{"rendered":"<p align=\"center\"><span><i>*  Juma &#8211; fotki w wieku  od 6 do 8 miesi\u0119cy <\/i> <i>*<\/i><\/span><\/p>\n<p align=\"center\"><img loading=\"lazy\" decoding=\"async\" src=\"http:\/\/juma.type.pl\/NEW\/SUB\/GALERIA\/6-8mies\/juma_9mies.jpg\" width=\"473\" height=\"312\" border=\"0\" \/><\/p>\n<p align=\"center\"><img loading=\"lazy\" decoding=\"async\" src=\"http:\/\/juma.type.pl\/NEW\/SUB\/GALERIA\/6-8mies\/juma_12mies.jpg\" width=\"453\" height=\"353\" border=\"0\" \/><\/p>\n<p align=\"center\"><img loading=\"lazy\" decoding=\"async\" src=\"http:\/\/juma.type.pl\/NEW\/SUB\/GALERIA\/6-8mies\/juma_6_8mies11.jpg\" width=\"366\" height=\"353\" border=\"0\" \/><\/p>\n<p align=\"center\"><img loading=\"lazy\" decoding=\"async\" src=\"http:\/\/juma.type.pl\/NEW\/SUB\/GALERIA\/6-8mies\/juma_dom1.jpg\" width=\"395\" height=\"316\" border=\"0\" \/><\/p>\n<p align=\"center\"><img loading=\"lazy\" decoding=\"async\" src=\"http:\/\/juma.type.pl\/NEW\/SUB\/GALERIA\/6-8mies\/juma_dom4.jpg\" width=\"422\" height=\"274\" border=\"0\" \/><\/p>\n<p align=\"center\"><img loading=\"lazy\" decoding=\"async\" src=\"http:\/\/juma.type.pl\/NEW\/SUB\/GALERIA\/6-8mies\/juma_dom2.jpg\" width=\"418\" height=\"274\" border=\"0\" \/><\/p>\n<p align=\"center\"><img loading=\"lazy\" decoding=\"async\" src=\"http:\/\/juma.type.pl\/NEW\/SUB\/GALERIA\/6-8mies\/juma_6_8mies3.jpg\" width=\"306\" height=\"435\" border=\"0\" \/><\/p>\n<p align=\"center\"><img loading=\"lazy\" decoding=\"async\" src=\"http:\/\/juma.type.pl\/NEW\/SUB\/GALERIA\/6-8mies\/juma_6_8mies.jpg\" width=\"290\" height=\"397\" border=\"0\" \/><\/p>\n<p align=\"center\"><img loading=\"lazy\" decoding=\"async\" src=\"http:\/\/juma.type.pl\/NEW\/SUB\/GALERIA\/6-8mies\/juma_6_8mies4.jpg\" width=\"326\" height=\"387\" border=\"0\" \/><\/p>\n<p align=\"center\"><img loading=\"lazy\" decoding=\"async\" src=\"http:\/\/juma.type.pl\/NEW\/SUB\/GALERIA\/6-8mies\/juma_6_8mies2.jpg\" width=\"388\" height=\"324\" border=\"0\" \/><\/p>\n<p align=\"center\">\n<p align=\"center\"><span>Juma przy kominku &#8230;<\/span><\/p>\n<p align=\"center\"><img loading=\"lazy\" decoding=\"async\" src=\"http:\/\/juma.type.pl\/NEW\/SUB\/GALERIA\/6-8mies\/juma_6_8mies6.jpg\" width=\"445\" height=\"294\" border=\"0\" \/><\/p>\n<p align=\"center\"><img loading=\"lazy\" decoding=\"async\" src=\"http:\/\/juma.type.pl\/NEW\/SUB\/GALERIA\/6-8mies\/juma_6_8mies10.jpg\" width=\"404\" height=\"257\" border=\"0\" \/><\/p>\n<p align=\"center\">\n<p align=\"center\"><span>\u015bwi\u0119ta&#8230;<\/span><\/p>\n<p align=\"center\"><img loading=\"lazy\" decoding=\"async\" src=\"http:\/\/juma.type.pl\/NEW\/SUB\/GALERIA\/6-8mies\/juma_6_8mies1.jpg\" width=\"453\" height=\"345\" border=\"0\" \/><\/p>\n<p align=\"center\"><img loading=\"lazy\" decoding=\"async\" src=\"http:\/\/juma.type.pl\/NEW\/SUB\/GALERIA\/6-8mies\/juma_6_8mies7.jpg\" width=\"306\" height=\"415\" border=\"0\" \/><\/p>\n<p align=\"center\"><img loading=\"lazy\" decoding=\"async\" src=\"http:\/\/juma.type.pl\/NEW\/SUB\/GALERIA\/6-8mies\/juma_dom3.jpg\" width=\"419\" height=\"270\" border=\"0\" \/><\/p>\n<p align=\"center\">\n<p align=\"center\"><span>Juma w golfiku &#8230;<\/span><\/p>\n<p align=\"center\"><img loading=\"lazy\" decoding=\"async\" src=\"http:\/\/juma.type.pl\/NEW\/SUB\/GALERIA\/6-8mies\/juma_6_8mies8.jpg\" width=\"368\" height=\"256\" border=\"0\" \/><\/p>\n<p align=\"center\">\n<p align=\"center\"><span>st\u00f3jka zimowa &#8230;<\/span><\/p>\n<p align=\"center\"><img loading=\"lazy\" decoding=\"async\" src=\"http:\/\/juma.type.pl\/NEW\/SUB\/GALERIA\/6-8mies\/juma_6_8mies9.jpg\" width=\"343\" height=\"258\" border=\"0\" \/><\/p>\n<p align=\"center\"><img loading=\"lazy\" decoding=\"async\" src=\"http:\/\/juma.type.pl\/NEW\/SUB\/GALERIA\/6-8mies\/juma_dom6.jpg\" width=\"420\" height=\"273\" border=\"0\" \/><\/p>\n<p align=\"center\"><img loading=\"lazy\" decoding=\"async\" src=\"http:\/\/juma.type.pl\/NEW\/SUB\/GALERIA\/6-8mies\/juma_dom5.jpg\" width=\"419\" height=\"273\" border=\"0\" \/><\/p>\n<p align=\"center\"><img loading=\"lazy\" decoding=\"async\" src=\"http:\/\/juma.type.pl\/NEW\/SUB\/GALERIA\/6-8mies\/juma_6_8mies5.jpg\" width=\"359\" height=\"267\" border=\"0\" \/><\/p>\n","protected":false},"excerpt":{"rendered":"<p>* Juma &#8211; fotki w wieku od 6 do 8 miesi\u0119cy * Juma przy kominku &#8230; \u015bwi\u0119ta&#8230; Juma w golfiku &#8230; st\u00f3jka zimowa &#8230;<\/p>\n","protected":false},"author":1,"featured_media":0,"parent":0,"menu_order":0,"comment_status":"closed","ping_status":"closed","template":"","meta":{"footnotes":""},"class_list":["post-2217","page","type-page","status-publish","hentry"],"_links":{"self":[{"href":"http:\/\/juma.type.pl\/index.php\/wp-json\/wp\/v2\/pages\/2217","targetHints":{"allow":["GET"]}}],"collection":[{"href":"http:\/\/juma.type.pl\/index.php\/wp-json\/wp\/v2\/pages"}],"about":[{"href":"http:\/\/juma.type.pl\/index.php\/wp-json\/wp\/v2\/types\/page"}],"author":[{"embeddable":true,"href":"http:\/\/juma.type.pl\/index.php\/wp-json\/wp\/v2\/users\/1"}],"replies":[{"embeddable":true,"href":"http:\/\/juma.type.pl\/index.php\/wp-json\/wp\/v2\/comments?post=2217"}],"version-history":[{"count":3,"href":"http:\/\/juma.type.pl\/index.php\/wp-json\/wp\/v2\/pages\/2217\/revisions"}],"predecessor-version":[{"id":2782,"href":"http:\/\/juma.type.pl\/index.php\/wp-json\/wp\/v2\/pages\/2217\/revisions\/2782"}],"wp:attachment":[{"href":"http:\/\/juma.type.pl\/index.php\/wp-json\/wp\/v2\/media?parent=2217"}],"curies":[{"name":"wp","href":"https:\/\/api.w.org\/{rel}","templated":true}]}}