{"id":2186,"date":"2017-03-15T08:35:47","date_gmt":"2017-03-15T07:35:47","guid":{"rendered":"http:\/\/juma.wordpress\/?page_id=2186"},"modified":"2017-04-04T10:21:25","modified_gmt":"2017-04-04T08:21:25","slug":"juma-w-wieku-12-miesiecy","status":"publish","type":"page","link":"http:\/\/juma.type.pl\/index.php\/juma-w-wieku-12-miesiecy\/","title":{"rendered":"Juma w wieku 12 miesi\u0119cy"},"content":{"rendered":"<p align=\"center\"><span><i>*  Juma &#8211; fotki  w wieku 12 miesiecy <\/i> <i>*<\/i><\/span><\/p>\n<p align=\"center\">\n<p align=\"center\"><span>co\u015b mi zapachnia\u0142o &#8230;<\/span><\/p>\n<p align=\"center\"><img loading=\"lazy\" decoding=\"async\" src=\"http:\/\/juma.type.pl\/NEW\/SUB\/GALERIA\/1rok\/Image24.jpg\" width=\"422\" height=\"356\" border=\"0\" \/><\/p>\n<p align=\"center\">\n<p align=\"center\"><span>chwila odpoczynku &#8230;.<\/span><\/p>\n<p align=\"center\"><img loading=\"lazy\" decoding=\"async\" src=\"http:\/\/juma.type.pl\/NEW\/SUB\/GALERIA\/1rok\/Image25.jpg\" width=\"343\" height=\"465\" border=\"0\" \/><\/p>\n<p align=\"center\">\n<p align=\"center\"><span>schowa\u0142am si\u0119 &#8230;<\/span><\/p>\n<p align=\"center\"><img loading=\"lazy\" decoding=\"async\" src=\"http:\/\/juma.type.pl\/NEW\/SUB\/GALERIA\/1rok\/Image26.jpg\" width=\"321\" height=\"435\" border=\"0\" \/><\/p>\n<p align=\"center\"><span>* * * * *<\/span><\/p>\n<p>Nareszcie zrobi\u0142o si\u0119 ciep\u0142o i  skusi\u0142y\u015bmy si\u0119 na wyjazd nad Wis\u0142\u0119. Co prawda doj\u015bcia do rzeki nie by\u0142o, ale i tak zabawa z Gin\u0105 w ma\u0142ym rozlewisku i na \u0142\u0105ce okaza\u0142a si\u0119 wielk\u0105 frajd\u0105&#8230;<\/p>\n<p align=\"center\"><img loading=\"lazy\" decoding=\"async\" src=\"http:\/\/juma.type.pl\/NEW\/SUB\/GALERIA\/1rok\/Image19.jpg\" width=\"439\" height=\"348\" border=\"0\" \/><\/p>\n<p align=\"center\"><img loading=\"lazy\" decoding=\"async\" src=\"http:\/\/juma.type.pl\/NEW\/SUB\/GALERIA\/1rok\/Image20.jpg\" width=\"335\" height=\"412\" border=\"0\" \/><\/p>\n<p align=\"center\"><img loading=\"lazy\" decoding=\"async\" src=\"http:\/\/juma.type.pl\/NEW\/SUB\/GALERIA\/1rok\/Image23.jpg\" width=\"360\" height=\"416\" border=\"0\" \/><\/p>\n<p align=\"center\"><img loading=\"lazy\" decoding=\"async\" src=\"http:\/\/juma.type.pl\/NEW\/SUB\/GALERIA\/1rok\/Image27.jpg\" width=\"432\" height=\"333\" border=\"0\" \/><\/p>\n<p align=\"center\"><img loading=\"lazy\" decoding=\"async\" src=\"http:\/\/juma.type.pl\/NEW\/SUB\/GALERIA\/1rok\/Image22.jpg\" width=\"436\" height=\"310\" border=\"0\" \/><\/p>\n<p align=\"center\"><img loading=\"lazy\" decoding=\"async\" src=\"http:\/\/juma.type.pl\/NEW\/SUB\/GALERIA\/1rok\/Image21.jpg\" width=\"450\" height=\"330\" border=\"0\" \/><\/p>\n<p align=\"center\"><span>* * * * *<\/span><\/p>\n<p align=\"center\"><span>*  Chwila wytchnienia w ogrodzie  *<\/span><\/p>\n<p align=\"center\"><img loading=\"lazy\" decoding=\"async\" src=\"http:\/\/juma.type.pl\/NEW\/SUB\/GALERIA\/1rok\/16.jpg\" width=\"448\" height=\"302\" border=\"0\" \/><\/p>\n<p align=\"center\"><img loading=\"lazy\" decoding=\"async\" src=\"http:\/\/juma.type.pl\/NEW\/SUB\/GALERIA\/1rok\/18.jpg\" width=\"445\" height=\"325\" border=\"0\" \/><\/p>\n<p align=\"center\">\n<p align=\"center\"><span>*  Przygotowania do grilla  *<\/span><\/p>\n<p align=\"center\"><img loading=\"lazy\" decoding=\"async\" src=\"http:\/\/juma.type.pl\/NEW\/SUB\/GALERIA\/1rok\/15.jpg\" width=\"457\" height=\"363\" border=\"0\" \/><\/p>\n<p align=\"center\">\n<p align=\"center\"><span>*  Na wystawach mo\u017cemy sobie pokibicowa\u0107 \ud83d\ude42  *<\/span><\/p>\n<p align=\"center\"><img loading=\"lazy\" decoding=\"async\" src=\"http:\/\/juma.type.pl\/NEW\/SUB\/GALERIA\/1rok\/11.jpg\" width=\"474\" height=\"347\" border=\"0\" \/><\/p>\n","protected":false},"excerpt":{"rendered":"<p>* Juma &#8211; fotki w wieku 12 miesiecy * co\u015b mi zapachnia\u0142o &#8230; chwila odpoczynku &#8230;. schowa\u0142am si\u0119 &#8230; * * * * * Nareszcie zrobi\u0142o si\u0119 ciep\u0142o i skusi\u0142y\u015bmy si\u0119 na wyjazd nad Wis\u0142\u0119. Co prawda doj\u015bcia do rzeki nie by\u0142o, ale i tak zabawa z Gin\u0105 w ma\u0142ym rozlewisku i na \u0142\u0105ce okaza\u0142a si\u0119 wielk\u0105 frajd\u0105&#8230; * * * * * * Chwila wytchnienia w ogrodzie * * Przygotowania do grilla * * Na wystawach mo\u017cemy sobie pokibicowa\u0107&#8230;<\/p>\n<p class=\"read-more\"><a class=\"btn btn-default\" href=\"http:\/\/juma.type.pl\/index.php\/juma-w-wieku-12-miesiecy\/\"> czytaj wi\u0119cej<span class=\"screen-reader-text\">  Czytaj wi\u0119cej<\/span><\/a><\/p>\n","protected":false},"author":1,"featured_media":0,"parent":0,"menu_order":0,"comment_status":"closed","ping_status":"closed","template":"","meta":{"footnotes":""},"class_list":["post-2186","page","type-page","status-publish","hentry"],"_links":{"self":[{"href":"http:\/\/juma.type.pl\/index.php\/wp-json\/wp\/v2\/pages\/2186","targetHints":{"allow":["GET"]}}],"collection":[{"href":"http:\/\/juma.type.pl\/index.php\/wp-json\/wp\/v2\/pages"}],"about":[{"href":"http:\/\/juma.type.pl\/index.php\/wp-json\/wp\/v2\/types\/page"}],"author":[{"embeddable":true,"href":"http:\/\/juma.type.pl\/index.php\/wp-json\/wp\/v2\/users\/1"}],"replies":[{"embeddable":true,"href":"http:\/\/juma.type.pl\/index.php\/wp-json\/wp\/v2\/comments?post=2186"}],"version-history":[{"count":3,"href":"http:\/\/juma.type.pl\/index.php\/wp-json\/wp\/v2\/pages\/2186\/revisions"}],"predecessor-version":[{"id":2785,"href":"http:\/\/juma.type.pl\/index.php\/wp-json\/wp\/v2\/pages\/2186\/revisions\/2785"}],"wp:attachment":[{"href":"http:\/\/juma.type.pl\/index.php\/wp-json\/wp\/v2\/media?parent=2186"}],"curies":[{"name":"wp","href":"https:\/\/api.w.org\/{rel}","templated":true}]}}