{"id":2159,"date":"2017-03-15T07:57:55","date_gmt":"2017-03-15T06:57:55","guid":{"rendered":"http:\/\/juma.wordpress\/?page_id=2159"},"modified":"2017-04-04T10:21:25","modified_gmt":"2017-04-04T08:21:25","slug":"juma-18-miesiecy","status":"publish","type":"page","link":"http:\/\/juma.type.pl\/index.php\/juma-18-miesiecy\/","title":{"rendered":"Juma &#8211; 18 miesi\u0119cy"},"content":{"rendered":"<p align=\"center\"><span><i>*  Juma &#8211; fotki  18 miesi\u0119cy <\/i> <i>*<\/i><\/span><\/p>\n<p align=\"center\">\n<p align=\"center\"><span>spacer &#8230;<\/span><\/p>\n<p align=\"center\"><span><img loading=\"lazy\" decoding=\"async\" src=\"http:\/\/juma.type.pl\/NEW\/SUB\/GALERIA\/18mies\/juma13.jpg\" width=\"374\" height=\"465\" border=\"0\" \/><\/span><\/p>\n<p align=\"center\"><span><img loading=\"lazy\" decoding=\"async\" src=\"http:\/\/juma.type.pl\/NEW\/SUB\/GALERIA\/18mies\/juma9.jpg\" width=\"416\" height=\"374\" border=\"0\" \/><\/span><\/p>\n<p align=\"center\"><span><img loading=\"lazy\" decoding=\"async\" src=\"http:\/\/juma.type.pl\/NEW\/SUB\/GALERIA\/18mies\/juma11.jpg\" width=\"416\" height=\"369\" border=\"0\" \/><\/span><\/p>\n<p align=\"center\"><span><img loading=\"lazy\" decoding=\"async\" src=\"http:\/\/juma.type.pl\/NEW\/SUB\/GALERIA\/18mies\/juma10.jpg\" width=\"416\" height=\"375\" border=\"0\" \/><\/span><\/p>\n<p align=\"center\"><span><img loading=\"lazy\" decoding=\"async\" src=\"http:\/\/juma.type.pl\/NEW\/SUB\/GALERIA\/18mies\/juma12.jpg\" width=\"374\" height=\"460\" border=\"0\" \/><\/span><\/p>\n<p align=\"center\">\n<p align=\"center\"><span>Juma z pi\u0142k\u0105 &#8230;<\/span><\/p>\n<p align=\"center\"><span><img loading=\"lazy\" decoding=\"async\" src=\"http:\/\/juma.type.pl\/NEW\/SUB\/GALERIA\/18mies\/juma1.jpg\" width=\"384\" height=\"395\" border=\"0\" \/><\/span><\/p>\n<p align=\"center\">\n<p align=\"center\"><span>na swoim fotelu &#8230;<\/span><\/p>\n<p align=\"center\"><span><img loading=\"lazy\" decoding=\"async\" src=\"http:\/\/juma.type.pl\/NEW\/SUB\/GALERIA\/18mies\/juma18.jpg\" width=\"374\" height=\"431\" border=\"0\" \/><\/span><\/p>\n<p align=\"center\"><span><img loading=\"lazy\" decoding=\"async\" src=\"http:\/\/juma.type.pl\/NEW\/SUB\/GALERIA\/18mies\/juma19.jpg\" width=\"384\" height=\"398\" border=\"0\" \/><\/span><\/p>\n<p align=\"center\">\n<p align=\"center\"><span>sen &#8230;<\/span><\/p>\n<p align=\"center\"><span><img loading=\"lazy\" decoding=\"async\" src=\"http:\/\/juma.type.pl\/NEW\/SUB\/GALERIA\/18mies\/juma14.jpg\" width=\"416\" height=\"285\" border=\"0\" \/><\/span><\/p>\n<p align=\"center\">\n<p align=\"center\"><span>z ko\u015bci\u0105 &#8230;<\/span><\/p>\n<p align=\"center\"><span><img loading=\"lazy\" decoding=\"async\" src=\"http:\/\/juma.type.pl\/NEW\/SUB\/GALERIA\/18mies\/juma6.jpg\" width=\"416\" height=\"344\" border=\"0\" \/><\/span><\/p>\n<p align=\"center\">\n<p align=\"center\"><span>Juma Shrek &#8230;<\/span><\/p>\n<p align=\"center\"><span><img loading=\"lazy\" decoding=\"async\" src=\"http:\/\/juma.type.pl\/NEW\/SUB\/GALERIA\/18mies\/juma7.jpg\" width=\"324\" height=\"447\" border=\"0\" \/><\/span><\/p>\n<p align=\"center\">\n<p align=\"center\"><span>zabawa &#8230;<\/span><\/p>\n<p align=\"center\"><span><img loading=\"lazy\" decoding=\"async\" src=\"http:\/\/juma.type.pl\/NEW\/SUB\/GALERIA\/18mies\/juma5.jpg\" width=\"416\" height=\"288\" border=\"0\" \/><\/span><\/p>\n<p align=\"center\"><span><img loading=\"lazy\" decoding=\"async\" src=\"http:\/\/juma.type.pl\/NEW\/SUB\/GALERIA\/18mies\/juma3.jpg\" width=\"416\" height=\"318\" border=\"0\" \/><\/span><\/p>\n<p align=\"center\"><span><img loading=\"lazy\" decoding=\"async\" src=\"http:\/\/juma.type.pl\/NEW\/SUB\/GALERIA\/18mies\/juma2.jpg\" width=\"416\" height=\"306\" border=\"0\" \/><\/span><\/p>\n<p align=\"center\"><span><img loading=\"lazy\" decoding=\"async\" src=\"http:\/\/juma.type.pl\/NEW\/SUB\/GALERIA\/18mies\/juma4.jpg\" width=\"416\" height=\"324\" border=\"0\" \/><\/span><\/p>\n<p align=\"center\">\n<p align=\"center\"><span>przeci\u0105ganie &#8230;<\/span><\/p>\n<p align=\"center\"><span><img loading=\"lazy\" decoding=\"async\" src=\"http:\/\/juma.type.pl\/NEW\/SUB\/GALERIA\/18mies\/juma20.jpg\" width=\"416\" height=\"336\" border=\"0\" \/><\/span><\/p>\n<p align=\"center\"><span><img loading=\"lazy\" decoding=\"async\" src=\"http:\/\/juma.type.pl\/NEW\/SUB\/GALERIA\/18mies\/juma21.jpg\" width=\"416\" height=\"305\" border=\"0\" \/><\/span><\/p>\n<p align=\"center\">\n<p align=\"center\"><span>minka &#8230;<\/span><\/p>\n<p align=\"center\"><span><img loading=\"lazy\" decoding=\"async\" src=\"http:\/\/juma.type.pl\/NEW\/SUB\/GALERIA\/18mies\/juma.jpg\" width=\"384\" height=\"361\" border=\"0\" \/><\/span><\/p>\n<p align=\"center\">\n<p align=\"center\"><span>popro\u015b &#8230;<\/span><\/p>\n<p align=\"center\"><span><img loading=\"lazy\" decoding=\"async\" src=\"http:\/\/juma.type.pl\/NEW\/SUB\/GALERIA\/18mies\/juma8.jpg\" width=\"404\" height=\"407\" border=\"0\" \/><\/span><\/p>\n<p align=\"center\"><span><img loading=\"lazy\" decoding=\"async\" src=\"http:\/\/juma.type.pl\/NEW\/SUB\/GALERIA\/18mies\/juma15.jpg\" width=\"416\" height=\"389\" border=\"0\" \/><\/span><\/p>\n<p align=\"center\"><span><img loading=\"lazy\" decoding=\"async\" src=\"http:\/\/juma.type.pl\/NEW\/SUB\/GALERIA\/18mies\/juma22.jpg\" width=\"416\" height=\"415\" border=\"0\" \/><\/span><\/p>\n<p align=\"center\">\n<p align=\"center\"><span>Towarzystwo &#8211; Podkowa Le\u015bna &#8230;<\/span><\/p>\n<p align=\"center\"><span><img loading=\"lazy\" decoding=\"async\" src=\"http:\/\/juma.type.pl\/NEW\/SUB\/GALERIA\/18mies\/juma24.jpg\" width=\"384\" height=\"395\" border=\"0\" \/><\/span><\/p>\n<p align=\"center\"><span><img loading=\"lazy\" decoding=\"async\" src=\"http:\/\/juma.type.pl\/NEW\/SUB\/GALERIA\/18mies\/juma23.jpg\" width=\"384\" height=\"403\" border=\"0\" \/><\/span><\/p>\n","protected":false},"excerpt":{"rendered":"<p>* Juma &#8211; fotki 18 miesi\u0119cy * spacer &#8230; Juma z pi\u0142k\u0105 &#8230; na swoim fotelu &#8230; sen &#8230; z ko\u015bci\u0105 &#8230; Juma Shrek &#8230; zabawa &#8230; przeci\u0105ganie &#8230; minka &#8230; popro\u015b &#8230; Towarzystwo &#8211; Podkowa Le\u015bna &#8230;<\/p>\n","protected":false},"author":1,"featured_media":0,"parent":0,"menu_order":0,"comment_status":"closed","ping_status":"closed","template":"","meta":{"footnotes":""},"class_list":["post-2159","page","type-page","status-publish","hentry"],"_links":{"self":[{"href":"http:\/\/juma.type.pl\/index.php\/wp-json\/wp\/v2\/pages\/2159","targetHints":{"allow":["GET"]}}],"collection":[{"href":"http:\/\/juma.type.pl\/index.php\/wp-json\/wp\/v2\/pages"}],"about":[{"href":"http:\/\/juma.type.pl\/index.php\/wp-json\/wp\/v2\/types\/page"}],"author":[{"embeddable":true,"href":"http:\/\/juma.type.pl\/index.php\/wp-json\/wp\/v2\/users\/1"}],"replies":[{"embeddable":true,"href":"http:\/\/juma.type.pl\/index.php\/wp-json\/wp\/v2\/comments?post=2159"}],"version-history":[{"count":3,"href":"http:\/\/juma.type.pl\/index.php\/wp-json\/wp\/v2\/pages\/2159\/revisions"}],"predecessor-version":[{"id":2787,"href":"http:\/\/juma.type.pl\/index.php\/wp-json\/wp\/v2\/pages\/2159\/revisions\/2787"}],"wp:attachment":[{"href":"http:\/\/juma.type.pl\/index.php\/wp-json\/wp\/v2\/media?parent=2159"}],"curies":[{"name":"wp","href":"https:\/\/api.w.org\/{rel}","templated":true}]}}