{"id":2155,"date":"2017-03-14T21:40:50","date_gmt":"2017-03-14T20:40:50","guid":{"rendered":"http:\/\/juma.wordpress\/?page_id=2155"},"modified":"2017-04-13T13:04:47","modified_gmt":"2017-04-13T11:04:47","slug":"galeria","status":"publish","type":"page","link":"http:\/\/juma.type.pl\/index.php\/galeria\/","title":{"rendered":"Galeria"},"content":{"rendered":"<h3>Juma<\/h3>\n<ul>\n<li><a title=\"Malutka Juma\" href=\"http:\/\/juma.type.pl\/index.php\/malutka-juma\/\">Malutka Juma<\/a><\/li>\n<li><a href=\"http:\/\/juma.type.pl\/index.php\/juma-3-4-5-miesiecy\/\">Juma od 3,5 do 5 miesi\u0119cy<\/a><\/li>\n<li><a href=\"http:\/\/juma.type.pl\/index.php\/juma-6-7-8-miesiecy\/\">Juma &#8211; 6-8 miesi\u0119cy<\/a><\/li>\n<li><a href=\"http:\/\/juma.type.pl\/index.php\/juma-9-miesiecy\/\">Juma &#8211; 9 miesi\u0119cy<\/a><\/li>\n<li><a href=\"http:\/\/juma.type.pl\/index.php\/juma-w-wieku-12-miesiecy\/\">Juma w wieku 12 miesi\u0119cy<\/a><\/li>\n<li><a title=\"Juma - 18 miesi\u0119cy\" href=\"http:\/\/juma.type.pl\/index.php\/juma-18-miesiecy\/\">Juma &#8211; 18 miesi\u0119cy<\/a><\/li>\n<li><a title=\"Przyjaciele Jumy\" href=\"http:\/\/juma.type.pl\/index.php\/przyjaciele-jumy\/\">Przyjaciele Jumy<\/a><\/li>\n<\/ul>\n<h3>Cuba<\/h3>\n<ul>\n<li><a title=\"jestem podlotkiem\" href=\"http:\/\/juma.type.pl\/index.php\/jestem-podlotkiem\/\">Jestem podlotkiem<\/a><\/li>\n<li><a title=\"Cuba u hodowcy\" href=\"http:\/\/juma.type.pl\/index.php\/cuba-u-hodowcy\/\">Cuba u hodowcy<\/a><\/li>\n<li><a title=\"Galeria rodzinna cz. I\" href=\"http:\/\/juma.type.pl\/index.php\/galeria-rodzinna-cz-i\/\">Galeria rodzinna cz. I<\/a><\/li>\n<li><a title=\"Galeria rodzinna cz. II\" href=\"http:\/\/juma.type.pl\/index.php\/galeria-rodzinna-cz-ii\/\">Galeria rodzinna cz. II<\/a><\/li>\n<li><a title=\"Galeria rodzinna cz. III\" href=\"http:\/\/juma.type.pl\/index.php\/galeria-rodzinna-cz-iii\/\">Galeria rodzinna cz. III<\/a><\/li>\n<li><a title=\"Galeria rodzinna cz. IV\" href=\"http:\/\/juma.type.pl\/index.php\/galeria-rodzinna-cz-iv\/\">Galeria rodzinna cz. IV<\/a><\/li>\n<\/ul>\n<h3>Moje poprzednie psy<\/h3>\n<ul>\n<li><a href=\"http:\/\/juma.type.pl\/index.php\/moje-poprzednie-psy-2\/\">Moje poprzednie psy<\/a><\/li>\n<\/ul>\n<h3>OFF<\/h3>\n<p>T\u0105 cz\u0119\u015b\u0107 mojej stronki pragn\u0119 przeznaczy\u0107 na zdj\u0119cia ze spotka\u0144 na wystawach. Ale nie b\u0119d\u0105 to zdj\u0119cia z ring\u00f3w. Chc\u0119 pokaza\u0107, jakim wspania\u0142ym psem mo\u017ce by\u0107 doberman, a tak\u017ce jak mo\u017cna mi\u0142o sp\u0119dzi\u0107 czas na wystawach, spotykaj\u0105c si\u0119 z prawdziwymi mi\u0142o\u015bnikami tej rasy.<\/p>\n<ul>\n<li><a title=\"CWC RADOM 15.09.2007\" href=\"http:\/\/juma.type.pl\/index.php\/cwc-radom-15-09-200\/\">CWC RADOM 15.09.2007<\/a><\/li>\n<li><a href=\"http:\/\/juma.type.pl\/index.php\/cwc-warszawa-8-09-200\/\" title=\"CWC WARSZAWA 8.09.2007\">CWC WARSZAWA 8.09.2007<\/a><\/li>\n<li><a href=\"http:\/\/juma.type.pl\/index.php\/spotkanie-po-wystawie-w-toruniu\/\" title=\"Spotkanie po wystawie w Toruniu\">Spotkanie po wystawie w Toruniu<\/a><\/li>\n<\/ul>\n","protected":false},"excerpt":{"rendered":"<p>Juma Malutka Juma Juma od 3,5 do 5 miesi\u0119cy Juma &#8211; 6-8 miesi\u0119cy Juma &#8211; 9 miesi\u0119cy Juma w wieku 12 miesi\u0119cy Juma &#8211; 18 miesi\u0119cy Przyjaciele Jumy Cuba Jestem podlotkiem Cuba u hodowcy Galeria rodzinna cz. I Galeria rodzinna cz. II Galeria rodzinna cz. III Galeria rodzinna cz. IV Moje poprzednie psy Moje poprzednie psy OFF T\u0105 cz\u0119\u015b\u0107 mojej stronki pragn\u0119 przeznaczy\u0107 na zdj\u0119cia ze spotka\u0144 na wystawach. Ale nie b\u0119d\u0105 to zdj\u0119cia z ring\u00f3w. Chc\u0119 pokaza\u0107, jakim wspania\u0142ym&#8230;<\/p>\n<p class=\"read-more\"><a class=\"btn btn-default\" href=\"http:\/\/juma.type.pl\/index.php\/galeria\/\"> czytaj wi\u0119cej<span class=\"screen-reader-text\">  Czytaj wi\u0119cej<\/span><\/a><\/p>\n","protected":false},"author":1,"featured_media":0,"parent":0,"menu_order":0,"comment_status":"closed","ping_status":"closed","template":"","meta":{"footnotes":""},"class_list":["post-2155","page","type-page","status-publish","hentry"],"_links":{"self":[{"href":"http:\/\/juma.type.pl\/index.php\/wp-json\/wp\/v2\/pages\/2155","targetHints":{"allow":["GET"]}}],"collection":[{"href":"http:\/\/juma.type.pl\/index.php\/wp-json\/wp\/v2\/pages"}],"about":[{"href":"http:\/\/juma.type.pl\/index.php\/wp-json\/wp\/v2\/types\/page"}],"author":[{"embeddable":true,"href":"http:\/\/juma.type.pl\/index.php\/wp-json\/wp\/v2\/users\/1"}],"replies":[{"embeddable":true,"href":"http:\/\/juma.type.pl\/index.php\/wp-json\/wp\/v2\/comments?post=2155"}],"version-history":[{"count":28,"href":"http:\/\/juma.type.pl\/index.php\/wp-json\/wp\/v2\/pages\/2155\/revisions"}],"predecessor-version":[{"id":2951,"href":"http:\/\/juma.type.pl\/index.php\/wp-json\/wp\/v2\/pages\/2155\/revisions\/2951"}],"wp:attachment":[{"href":"http:\/\/juma.type.pl\/index.php\/wp-json\/wp\/v2\/media?parent=2155"}],"curies":[{"name":"wp","href":"https:\/\/api.w.org\/{rel}","templated":true}]}}