{"id":2095,"date":"2017-03-14T09:16:01","date_gmt":"2017-03-14T08:16:01","guid":{"rendered":"http:\/\/juma.wordpress\/?page_id=2095"},"modified":"2017-04-04T10:21:25","modified_gmt":"2017-04-04T08:21:25","slug":"szkolenie-jumy","status":"publish","type":"page","link":"http:\/\/juma.type.pl\/index.php\/szkolenie-jumy\/","title":{"rendered":"Szkolenie Jumy"},"content":{"rendered":"<p class=\"wpis\">Dnia 25.06.2006 Juma zda\u0142a egzamin PT z wynikiem 181 pkt. ocena bardzo dobra. Wynik nie jest osza\u0142amiaj\u0105cy, ale bior\u0105c pod uwag\u0119, \u017ce by\u0142 straszliwy upa\u0142 i do tego cieczka u Jumy, to i tak mamy pow\u00f3d do zadowolenia. Ale poniewa\u017c sta\u0107 nas na wi\u0119cej b\u0119dziemy powtarza\u0142y egzamin, ale ju\u017c w bardziej sprzyjaj\u0105cych warunkach &#8230;<\/p>\n<p>&nbsp;<\/p>\n<p align=\"center\"><span style=\"\">* fotki zrobione w trakcie egzaminu *<\/span><\/p>\n<p align=\"center\"><span style=\"\"> <img loading=\"lazy\" decoding=\"async\" src=\"http:\/\/juma.type.pl\/NEW\/SUB\/GALERIA\/szkolenie\/Image13.jpg\" width=\"329\" height=\"471\" border=\"0\" \/><\/span><\/p>\n<p align=\"center\"><span style=\"\"> <img loading=\"lazy\" decoding=\"async\" src=\"http:\/\/juma.type.pl\/NEW\/SUB\/GALERIA\/szkolenie\/Image16.jpg\" width=\"309\" height=\"401\" border=\"0\" \/><\/span><\/p>\n<p align=\"center\"><span style=\"\"> <img loading=\"lazy\" decoding=\"async\" src=\"http:\/\/juma.type.pl\/NEW\/SUB\/GALERIA\/szkolenie\/Image14.jpg\" width=\"316\" height=\"401\" border=\"0\" \/><\/span><\/p>\n<p align=\"center\"><span > <img loading=\"lazy\" decoding=\"async\" src=\"http:\/\/juma.type.pl\/NEW\/SUB\/GALERIA\/szkolenie\/Image17.jpg\" width=\"277\" height=\"343\" border=\"0\" \/><\/span><\/p>\n<p align=\"center\"><span > <img loading=\"lazy\" decoding=\"async\" src=\"http:\/\/juma.type.pl\/NEW\/SUB\/GALERIA\/szkolenie\/Image12.jpg\" width=\"376\" height=\"416\" border=\"0\" \/><\/span><\/p>\n<p align=\"center\"><span > <img loading=\"lazy\" decoding=\"async\" src=\"http:\/\/juma.type.pl\/NEW\/SUB\/GALERIA\/szkolenie\/Image15.jpg\" width=\"316\" height=\"417\" border=\"0\" \/><\/span><\/p>\n<p align=\"center\">\n<p align=\"center\"><span >* w oczekiwaniu na wynik *<\/span><\/p>\n<p align=\"center\"><span > <img loading=\"lazy\" decoding=\"async\" src=\"http:\/\/juma.type.pl\/NEW\/SUB\/GALERIA\/szkolenie\/Image11.jpg\" width=\"471\" height=\"368\" border=\"0\" \/><\/span><\/p>\n<p align=\"center\"><span > <img loading=\"lazy\" decoding=\"async\" src=\"http:\/\/juma.type.pl\/NEW\/SUB\/GALERIA\/szkolenie\/Image10.jpg\" width=\"350\" height=\"501\" border=\"0\" \/><\/span><\/p>\n<p align=\"center\">\n<p align=\"center\"><span >*  mamy dyplom w r\u0119ce &#8230; *<\/span><\/p>\n<p align=\"center\"><span > <img loading=\"lazy\" decoding=\"async\" src=\"http:\/\/juma.type.pl\/NEW\/SUB\/GALERIA\/szkolenie\/Image18.jpg\" width=\"427\" height=\"351\" border=\"0\" \/><\/span><\/p>\n<p align=\"center\">\n<p align=\"center\"><span >*  Ju\u017c po wszystkim &#8230; *<\/span><\/p>\n<p align=\"center\"><span > <img loading=\"lazy\" decoding=\"async\" src=\"http:\/\/juma.type.pl\/NEW\/SUB\/GALERIA\/szkolenie\/PICT0215.JPG\" width=\"340\" height=\"452\" border=\"0\" \/><\/span><\/p>\n<p align=\"center\"><span\">* * * * *<\/span><\/p>\n<p>&nbsp;<\/p>\n<p align=\"center\"><span>Od kiedy Juma sko\u0144czy\u0142a 3 miesi\u0105ce chodzimy do &#8222;niedzielnej szk\u00f3\u0142ki&#8221; :-)))) <\/span>\n<\/p>\n<p align=\"center\"><span >*  Najnowsze fotki  *<\/span><\/p>\n<p align=\"center\"><span ><br \/>\n<img loading=\"lazy\" decoding=\"async\" src=\"http:\/\/juma.type.pl\/NEW\/SUB\/GALERIA\/szkolenie\/pt4.jpg\" width=\"415\" height=\"274\" border=\"0\" \/><\/span><\/p>\n<p align=\"center\"><img loading=\"lazy\" decoding=\"async\" src=\"http:\/\/juma.type.pl\/NEW\/SUB\/GALERIA\/szkolenie\/pt3.jpg\" width=\"416\" height=\"271\" border=\"0\" \/><\/p>\n<p align=\"center\"><img loading=\"lazy\" decoding=\"async\" src=\"http:\/\/juma.type.pl\/NEW\/SUB\/GALERIA\/szkolenie\/pt2.jpg\" width=\"415\" height=\"271\" border=\"0\" \/><\/p>\n<p align=\"center\"><img loading=\"lazy\" decoding=\"async\" src=\"http:\/\/juma.type.pl\/NEW\/SUB\/GALERIA\/szkolenie\/pt1.jpg\" width=\"417\" height=\"271\" border=\"0\" \/><\/p>\n<p align=\"center\"><img loading=\"lazy\" decoding=\"async\" src=\"http:\/\/juma.type.pl\/NEW\/SUB\/GALERIA\/szkolenie\/pt.jpg\" width=\"422\" height=\"271\" border=\"0\" \/><\/p>\n<p align=\"center\">\n<p align=\"center\"><span >*  Poprzednie  *<\/span><\/p>\n<p align=\"center\"><img loading=\"lazy\" decoding=\"async\" src=\"http:\/\/juma.type.pl\/NEW\/SUB\/GALERIA\/szkolenie\/pt5.jpg\" width=\"409\" height=\"263\" border=\"0\" \/><\/p>\n<p align=\"center\"><img loading=\"lazy\" decoding=\"async\" src=\"http:\/\/juma.type.pl\/NEW\/SUB\/GALERIA\/szkolenie\/pt6.jpg\" width=\"404\" height=\"303\" border=\"0\" \/><\/p>\n<p>&nbsp;<\/p>\n","protected":false},"excerpt":{"rendered":"<p>Dnia 25.06.2006 Juma zda\u0142a egzamin PT z wynikiem 181 pkt. ocena bardzo dobra. Wynik nie jest osza\u0142amiaj\u0105cy, ale bior\u0105c pod uwag\u0119, \u017ce by\u0142 straszliwy upa\u0142 i do tego cieczka u Jumy, to i tak mamy pow\u00f3d do zadowolenia. Ale poniewa\u017c sta\u0107 nas na wi\u0119cej b\u0119dziemy powtarza\u0142y egzamin, ale ju\u017c w bardziej sprzyjaj\u0105cych warunkach &#8230; &nbsp; * fotki zrobione w trakcie egzaminu * * w oczekiwaniu na wynik * * mamy dyplom w r\u0119ce &#8230; * * Ju\u017c po wszystkim &#8230;&#8230;<\/p>\n<p class=\"read-more\"><a class=\"btn btn-default\" href=\"http:\/\/juma.type.pl\/index.php\/szkolenie-jumy\/\"> czytaj wi\u0119cej<span class=\"screen-reader-text\">  Czytaj wi\u0119cej<\/span><\/a><\/p>\n","protected":false},"author":1,"featured_media":0,"parent":0,"menu_order":0,"comment_status":"closed","ping_status":"closed","template":"","meta":{"footnotes":""},"class_list":["post-2095","page","type-page","status-publish","hentry"],"_links":{"self":[{"href":"http:\/\/juma.type.pl\/index.php\/wp-json\/wp\/v2\/pages\/2095","targetHints":{"allow":["GET"]}}],"collection":[{"href":"http:\/\/juma.type.pl\/index.php\/wp-json\/wp\/v2\/pages"}],"about":[{"href":"http:\/\/juma.type.pl\/index.php\/wp-json\/wp\/v2\/types\/page"}],"author":[{"embeddable":true,"href":"http:\/\/juma.type.pl\/index.php\/wp-json\/wp\/v2\/users\/1"}],"replies":[{"embeddable":true,"href":"http:\/\/juma.type.pl\/index.php\/wp-json\/wp\/v2\/comments?post=2095"}],"version-history":[{"count":5,"href":"http:\/\/juma.type.pl\/index.php\/wp-json\/wp\/v2\/pages\/2095\/revisions"}],"predecessor-version":[{"id":2746,"href":"http:\/\/juma.type.pl\/index.php\/wp-json\/wp\/v2\/pages\/2095\/revisions\/2746"}],"wp:attachment":[{"href":"http:\/\/juma.type.pl\/index.php\/wp-json\/wp\/v2\/media?parent=2095"}],"curies":[{"name":"wp","href":"https:\/\/api.w.org\/{rel}","templated":true}]}}