{"id":2066,"date":"2017-03-14T09:08:26","date_gmt":"2017-03-14T08:08:26","guid":{"rendered":"http:\/\/juma.wordpress\/?page_id=2066"},"modified":"2017-04-04T10:21:25","modified_gmt":"2017-04-04T08:21:25","slug":"cuba-cwiczenia-z-posluszenstwa","status":"publish","type":"page","link":"http:\/\/juma.type.pl\/index.php\/cuba-cwiczenia-z-posluszenstwa\/","title":{"rendered":"Cuba &#8211; \u0107wiczenia z pos\u0142usze\u0144stwa"},"content":{"rendered":"<p align=\"center\"><span style=\"color: #e6dfc9;\"><img loading=\"lazy\" decoding=\"async\" src=\"http:\/\/juma.type.pl\/NEW\/SUB\/GALERIA\/szkolenie3\/1.jpg\" width=\"434\" height=\"326\" border=\"0\" \/><\/span><\/p>\n<p align=\"center\"><span style=\"color: #e6dfc9;\"><img loading=\"lazy\" decoding=\"async\" src=\"http:\/\/juma.type.pl\/NEW\/SUB\/GALERIA\/szkolenie3\/2.jpg\" width=\"434\" height=\"326\" border=\"0\" \/><\/span><\/p>\n<p align=\"center\"><span style=\"color: #e6dfc9;\"><img loading=\"lazy\" decoding=\"async\" src=\"http:\/\/juma.type.pl\/NEW\/SUB\/GALERIA\/szkolenie3\/3.jpg\" width=\"434\" height=\"326\" border=\"0\" \/><\/span><\/p>\n<p align=\"center\"><span style=\"color: #e6dfc9;\"><img loading=\"lazy\" decoding=\"async\" src=\"http:\/\/juma.type.pl\/NEW\/SUB\/GALERIA\/szkolenie3\/4.jpg\" width=\"434\" height=\"326\" border=\"0\" \/><\/span><\/p>\n<p align=\"center\"><span style=\"color: #e6dfc9;\"><img loading=\"lazy\" decoding=\"async\" src=\"http:\/\/juma.type.pl\/NEW\/SUB\/GALERIA\/szkolenie3\/5.jpg\" width=\"434\" height=\"326\" border=\"0\" \/><\/span><\/p>\n<p align=\"center\">\n<p align=\"center\">\n<p align=\"center\"><i><span style=\"color: #e6dfc9;\">Przymiarki do aportowania<\/span><\/i><\/p>\n<p align=\"center\"><span style=\"color: #e6dfc9;\"><img loading=\"lazy\" decoding=\"async\" src=\"http:\/\/juma.type.pl\/NEW\/SUB\/GALERIA\/szkolenie3\/6.jpg\" width=\"434\" height=\"326\" border=\"0\" \/><\/span><\/p>\n<p align=\"center\"><span style=\"color: #e6dfc9;\"><img loading=\"lazy\" decoding=\"async\" src=\"http:\/\/juma.type.pl\/NEW\/SUB\/GALERIA\/szkolenie3\/7.jpg\" width=\"434\" height=\"326\" border=\"0\" \/><\/span><\/p>\n<p align=\"center\"><span style=\"color: #e6dfc9;\"><img loading=\"lazy\" decoding=\"async\" src=\"http:\/\/juma.type.pl\/NEW\/SUB\/GALERIA\/szkolenie3\/8.jpg\" width=\"434\" height=\"326\" border=\"0\" \/><\/span><\/p>\n<p align=\"center\"><span style=\"color: #e6dfc9;\"><img loading=\"lazy\" decoding=\"async\" src=\"http:\/\/juma.type.pl\/NEW\/SUB\/GALERIA\/szkolenie3\/9.jpg\" width=\"434\" height=\"326\" border=\"0\" \/><\/span><\/p>\n<p align=\"center\">\n<p align=\"center\">\n<p align=\"center\"><i><span style=\"color: #e6dfc9;\">Skoki przez przeszkody<\/span><\/i><\/p>\n<p align=\"center\"><span style=\"color: #e6dfc9;\"><img loading=\"lazy\" decoding=\"async\" src=\"http:\/\/juma.type.pl\/NEW\/SUB\/GALERIA\/szkolenie3\/10.jpg\" width=\"434\" height=\"326\" border=\"0\" \/><\/span><\/p>\n<p align=\"center\"><span style=\"color: #e6dfc9;\"><img loading=\"lazy\" decoding=\"async\" src=\"http:\/\/juma.type.pl\/NEW\/SUB\/GALERIA\/szkolenie3\/11.jpg\" width=\"434\" height=\"326\" border=\"0\" \/><\/span><\/p>\n<p align=\"center\"><span style=\"color: #e6dfc9;\"><img loading=\"lazy\" decoding=\"async\" src=\"http:\/\/juma.type.pl\/NEW\/SUB\/GALERIA\/szkolenie3\/12.jpg\" width=\"434\" height=\"326\" border=\"0\" \/><\/span><\/p>\n<p align=\"center\"><span style=\"color: #e6dfc9;\"><img loading=\"lazy\" decoding=\"async\" src=\"http:\/\/juma.type.pl\/NEW\/SUB\/GALERIA\/szkolenie3\/13.jpg\" width=\"434\" height=\"326\" border=\"0\" \/><\/span><\/p>\n<p align=\"center\"><span style=\"color: #e6dfc9;\"><img loading=\"lazy\" decoding=\"async\" src=\"http:\/\/juma.type.pl\/NEW\/SUB\/GALERIA\/szkolenie3\/14.jpg\" width=\"434\" height=\"326\" border=\"0\" \/><\/span><\/p>\n<p align=\"center\"><span style=\"color: #e6dfc9;\"><img loading=\"lazy\" decoding=\"async\" src=\"http:\/\/juma.type.pl\/NEW\/SUB\/GALERIA\/szkolenie3\/15.jpg\" width=\"434\" height=\"326\" border=\"0\" \/><\/span><\/p>\n<p align=\"center\">\n<p align=\"center\">\n<p align=\"center\"><i><span style=\"color: #e6dfc9;\">Pr\u00f3by do IPO &#8211; \u0107wiczenia z p. Marcinem Luciakiem<\/span><\/i><\/p>\n<p align=\"center\"><span style=\"color: #e6dfc9;\"><img loading=\"lazy\" decoding=\"async\" src=\"http:\/\/juma.type.pl\/NEW\/SUB\/GALERIA\/szkolenie3\/16.jpg\" width=\"434\" height=\"326\" border=\"0\" \/><\/span><\/p>\n<p align=\"center\"><span style=\"color: #e6dfc9;\"><img loading=\"lazy\" decoding=\"async\" src=\"http:\/\/juma.type.pl\/NEW\/SUB\/GALERIA\/szkolenie3\/17.jpg\" width=\"434\" height=\"326\" border=\"0\" \/><\/span><\/p>\n<p align=\"center\"><span style=\"color: #e6dfc9;\"><img loading=\"lazy\" decoding=\"async\" src=\"http:\/\/juma.type.pl\/NEW\/SUB\/GALERIA\/szkolenie3\/18.jpg\" width=\"434\" height=\"326\" border=\"0\" \/><\/span><\/p>\n<p align=\"center\"><span style=\"color: #e6dfc9;\"><img loading=\"lazy\" decoding=\"async\" src=\"http:\/\/juma.type.pl\/NEW\/SUB\/GALERIA\/szkolenie3\/19.jpg\" width=\"434\" height=\"326\" border=\"0\" \/><\/span><\/p>\n<p align=\"center\"><span style=\"color: #e6dfc9;\"><img loading=\"lazy\" decoding=\"async\" src=\"http:\/\/juma.type.pl\/NEW\/SUB\/GALERIA\/szkolenie3\/20.jpg\" width=\"434\" height=\"326\" border=\"0\" \/><\/span><\/p>\n<p align=\"center\"><span style=\"color: #e6dfc9;\"><img loading=\"lazy\" decoding=\"async\" src=\"http:\/\/juma.type.pl\/NEW\/SUB\/GALERIA\/szkolenie3\/21.jpg\" width=\"434\" height=\"326\" border=\"0\" \/><\/span><\/p>\n<p align=\"center\"><span style=\"color: #e6dfc9;\"><img loading=\"lazy\" decoding=\"async\" src=\"http:\/\/juma.type.pl\/NEW\/SUB\/GALERIA\/szkolenie3\/22.jpg\" width=\"434\" height=\"326\" border=\"0\" \/><\/span><\/p>\n<p align=\"center\"><span style=\"color: #e6dfc9;\"><img loading=\"lazy\" decoding=\"async\" src=\"http:\/\/juma.type.pl\/NEW\/SUB\/GALERIA\/szkolenie3\/23.jpg\" width=\"434\" height=\"326\" border=\"0\" \/><\/span><\/p>\n","protected":false},"excerpt":{"rendered":"<p>Przymiarki do aportowania Skoki przez przeszkody Pr\u00f3by do IPO &#8211; \u0107wiczenia z p. Marcinem Luciakiem<\/p>\n","protected":false},"author":1,"featured_media":0,"parent":0,"menu_order":0,"comment_status":"closed","ping_status":"closed","template":"","meta":{"footnotes":""},"class_list":["post-2066","page","type-page","status-publish","hentry"],"_links":{"self":[{"href":"http:\/\/juma.type.pl\/index.php\/wp-json\/wp\/v2\/pages\/2066","targetHints":{"allow":["GET"]}}],"collection":[{"href":"http:\/\/juma.type.pl\/index.php\/wp-json\/wp\/v2\/pages"}],"about":[{"href":"http:\/\/juma.type.pl\/index.php\/wp-json\/wp\/v2\/types\/page"}],"author":[{"embeddable":true,"href":"http:\/\/juma.type.pl\/index.php\/wp-json\/wp\/v2\/users\/1"}],"replies":[{"embeddable":true,"href":"http:\/\/juma.type.pl\/index.php\/wp-json\/wp\/v2\/comments?post=2066"}],"version-history":[{"count":2,"href":"http:\/\/juma.type.pl\/index.php\/wp-json\/wp\/v2\/pages\/2066\/revisions"}],"predecessor-version":[{"id":2760,"href":"http:\/\/juma.type.pl\/index.php\/wp-json\/wp\/v2\/pages\/2066\/revisions\/2760"}],"wp:attachment":[{"href":"http:\/\/juma.type.pl\/index.php\/wp-json\/wp\/v2\/media?parent=2066"}],"curies":[{"name":"wp","href":"https:\/\/api.w.org\/{rel}","templated":true}]}}