{"id":2042,"date":"2017-03-14T08:52:46","date_gmt":"2017-03-14T07:52:46","guid":{"rendered":"http:\/\/juma.wordpress\/?page_id=2042"},"modified":"2017-04-04T10:21:25","modified_gmt":"2017-04-04T08:21:25","slug":"szkolenie-cuby","status":"publish","type":"page","link":"http:\/\/juma.type.pl\/index.php\/szkolenie-cuby\/","title":{"rendered":"Szkolenie Cuby"},"content":{"rendered":"<p align=\"center\">Egzamin PT1<\/p>\n<p align=\"center\"><span style=\"color: #e6e0c8;\">wynik egzaminu &#8211; 176.5pkt. Ocena dobra<\/span><br \/>\ns\u0119dzia mi\u0119dzynarodowy:\u00a0 Stanis\u0142aw Ab\u0142amowicz<\/p>\n<p>&nbsp;<\/p>\n<p><b>Oceny w poszczeg\u00f3lnych \u0107wiczeniach:<\/b><\/p>\n<ol type=\"1\">\n<li>Chodzenie przy nodze na smyczy \/max 20 pkt\/ uzyska\u0142a <b>17,5<\/b> pkt<\/li>\n<li>Chodzenie przy nodze bez smyczy \/max.40 pkt\/ uzyska\u0142a <b>36<\/b> pkt<\/li>\n<li>Przywo\u0142anie &#8222;do nogi&#8221; \/max.10 pkt\/ uzyska\u0142a <b>9<\/b> pkt<\/li>\n<li>Przynoszenie w\u0142asnego przedmiotu \/max 30 pkt\/ uzyska\u0142a <b>21<\/b> pkt<\/li>\n<li>Zmiana pozycji na odleg\u0142o\u015b\u0107 &#8222;siad, waruj&#8221; \/max 20 pkt\/ uzyska\u0142a <b>16<\/b> pkt<\/li>\n<li>Bieganie na komend\u0119 i przywo\u0142anie &#8222;do nogi&#8221; \/max 20 pkt\/ uzyska\u0142a <b>17<\/b> pkt<\/li>\n<li>Badanie uz\u0119bienia \/max 10 pkt\/ uzyska\u0142a <b>10<\/b> pkt<\/li>\n<li>Pozostawanie w pozycji &#8222;siad&#8221; \/max.20 pkt\/ uzyska\u0142a <b>20<\/b> pkt<\/li>\n<li>Pozostawanie w pozycji &#8222;waruj&#8221; \/max 20 pkt\/ uzyska\u0142a <b>20<\/b> pkt<\/li>\n<li>Wra\u017cenie og\u00f3lne \/max 10 pkt\/ uzyska\u0142a <b>10<\/b> pkt<\/li>\n<\/ol>\n<p align=\"center\"><i><span style=\"color: #e6dfc9;\">podczas egzaminu<\/span><\/i><\/p>\n<p align=\"center\"><span style=\"color: #e6dfc9;\"> <img loading=\"lazy\" decoding=\"async\" src=\"http:\/\/juma.type.pl\/NEW\/SUB\/AKTUALNOSCI\/SZKOLENIE_2010_2\/1.jpg\" width=\"434\" height=\"326\" border=\"0\" \/><\/span><\/p>\n<p align=\"center\"><span style=\"color: #e6dfc9;\"> <img loading=\"lazy\" decoding=\"async\" src=\"http:\/\/juma.type.pl\/NEW\/SUB\/AKTUALNOSCI\/SZKOLENIE_2010_2\/2.jpg\" width=\"434\" height=\"326\" border=\"0\" \/><\/span><\/p>\n<p align=\"center\"><span style=\"color: #e6dfc9;\"> <img loading=\"lazy\" decoding=\"async\" src=\"http:\/\/juma.type.pl\/NEW\/SUB\/AKTUALNOSCI\/SZKOLENIE_2010_2\/3.jpg\" width=\"434\" height=\"326\" border=\"0\" \/><\/span><\/p>\n<p align=\"center\"><span style=\"color: #e6dfc9;\"> <img loading=\"lazy\" decoding=\"async\" src=\"http:\/\/juma.type.pl\/NEW\/SUB\/AKTUALNOSCI\/SZKOLENIE_2010_2\/4.jpg\" width=\"434\" height=\"326\" border=\"0\" \/><\/span><\/p>\n<p align=\"center\"><span style=\"color: #e6dfc9;\"> <img loading=\"lazy\" decoding=\"async\" src=\"http:\/\/juma.type.pl\/NEW\/SUB\/AKTUALNOSCI\/SZKOLENIE_2010_2\/5.jpg\" width=\"434\" height=\"326\" border=\"0\" \/><\/span><\/p>\n<p align=\"center\"><span style=\"color: #e6dfc9;\"> <img loading=\"lazy\" decoding=\"async\" src=\"http:\/\/juma.type.pl\/NEW\/SUB\/AKTUALNOSCI\/SZKOLENIE_2010_2\/5a.jpg\" width=\"434\" height=\"326\" border=\"0\" \/><\/span><\/p>\n<p align=\"center\"><span style=\"color: #e6dfc9;\"> <img loading=\"lazy\" decoding=\"async\" src=\"http:\/\/juma.type.pl\/NEW\/SUB\/AKTUALNOSCI\/SZKOLENIE_2010_2\/6.jpg\" width=\"434\" height=\"326\" border=\"0\" \/><\/span><\/p>\n<p align=\"center\"><span style=\"color: #e6dfc9;\"> <img loading=\"lazy\" decoding=\"async\" src=\"http:\/\/juma.type.pl\/NEW\/SUB\/AKTUALNOSCI\/SZKOLENIE_2010_2\/7.jpg\" width=\"434\" height=\"326\" border=\"0\" \/><\/span><\/p>\n<p align=\"center\"><span style=\"color: #e6dfc9;\"> <img loading=\"lazy\" decoding=\"async\" src=\"http:\/\/juma.type.pl\/NEW\/SUB\/AKTUALNOSCI\/SZKOLENIE_2010_2\/8.jpg\" width=\"434\" height=\"326\" border=\"0\" \/><\/span><\/p>\n<p align=\"center\"><span style=\"color: #e6dfc9;\"> <img loading=\"lazy\" decoding=\"async\" src=\"http:\/\/juma.type.pl\/NEW\/SUB\/AKTUALNOSCI\/SZKOLENIE_2010_2\/9.jpg\" width=\"434\" height=\"326\" border=\"0\" \/><\/span><\/p>\n<p align=\"center\"><i><span style=\"color: #e6dfc9;\">om\u00f3wienie egzaminu przez s\u0119dziego<\/span><\/i><\/p>\n<p align=\"center\"><span style=\"color: #e6dfc9;\"> <img loading=\"lazy\" decoding=\"async\" src=\"http:\/\/juma.type.pl\/NEW\/SUB\/AKTUALNOSCI\/SZKOLENIE_2010_2\/10.jpg\" width=\"434\" height=\"326\" border=\"0\" \/><\/span><\/p>\n<p align=\"center\"><span style=\"color: #e6dfc9;\"> <img loading=\"lazy\" decoding=\"async\" src=\"http:\/\/juma.type.pl\/NEW\/SUB\/AKTUALNOSCI\/SZKOLENIE_2010_2\/11.jpg\" width=\"434\" height=\"326\" border=\"0\" \/><\/span><\/p>\n<p align=\"center\"><span style=\"color: #e6dfc9;\"> <img loading=\"lazy\" decoding=\"async\" src=\"http:\/\/juma.type.pl\/NEW\/SUB\/AKTUALNOSCI\/SZKOLENIE_2010_2\/12.jpg\" width=\"434\" height=\"326\" border=\"0\" \/><\/span><\/p>\n<p align=\"center\"><i><span style=\"color: #e6dfc9;\">nasza grupa po egzaminie \/ ARES-entlebucher, CUMA-mieszanka leonbergera i owczarka, TOSIA-beagle, SZOGUN-schipperke\/<\/span><\/i><\/p>\n<p align=\"center\"><span style=\"color: #e6dfc9;\"> <img loading=\"lazy\" decoding=\"async\" src=\"http:\/\/juma.type.pl\/NEW\/SUB\/AKTUALNOSCI\/SZKOLENIE_2010_2\/13.jpg\" width=\"434\" height=\"326\" border=\"0\" \/><\/span><\/p>\n<p align=\"center\"><span style=\"color: #e6dfc9;\"> <img loading=\"lazy\" decoding=\"async\" src=\"http:\/\/juma.type.pl\/NEW\/SUB\/AKTUALNOSCI\/SZKOLENIE_2010_2\/14.jpg\" width=\"434\" height=\"326\" border=\"0\" \/><\/span><\/p>\n<p align=\"center\"><span style=\"color: #e6dfc9;\"> <img loading=\"lazy\" decoding=\"async\" src=\"http:\/\/juma.type.pl\/NEW\/SUB\/AKTUALNOSCI\/SZKOLENIE_2010_2\/15.jpg\" width=\"434\" height=\"326\" border=\"0\" \/><\/span><\/p>\n","protected":false},"excerpt":{"rendered":"<p>Egzamin PT1 wynik egzaminu &#8211; 176.5pkt. Ocena dobra s\u0119dzia mi\u0119dzynarodowy:\u00a0 Stanis\u0142aw Ab\u0142amowicz &nbsp; Oceny w poszczeg\u00f3lnych \u0107wiczeniach: Chodzenie przy nodze na smyczy \/max 20 pkt\/ uzyska\u0142a 17,5 pkt Chodzenie przy nodze bez smyczy \/max.40 pkt\/ uzyska\u0142a 36 pkt Przywo\u0142anie &#8222;do nogi&#8221; \/max.10 pkt\/ uzyska\u0142a 9 pkt Przynoszenie w\u0142asnego przedmiotu \/max 30 pkt\/ uzyska\u0142a 21 pkt Zmiana pozycji na odleg\u0142o\u015b\u0107 &#8222;siad, waruj&#8221; \/max 20 pkt\/ uzyska\u0142a 16 pkt Bieganie na komend\u0119 i przywo\u0142anie &#8222;do nogi&#8221; \/max 20 pkt\/ uzyska\u0142a 17 pkt&#8230;<\/p>\n<p class=\"read-more\"><a class=\"btn btn-default\" href=\"http:\/\/juma.type.pl\/index.php\/szkolenie-cuby\/\"> czytaj wi\u0119cej<span class=\"screen-reader-text\">  Czytaj wi\u0119cej<\/span><\/a><\/p>\n","protected":false},"author":1,"featured_media":0,"parent":0,"menu_order":0,"comment_status":"closed","ping_status":"closed","template":"","meta":{"footnotes":""},"class_list":["post-2042","page","type-page","status-publish","hentry"],"_links":{"self":[{"href":"http:\/\/juma.type.pl\/index.php\/wp-json\/wp\/v2\/pages\/2042","targetHints":{"allow":["GET"]}}],"collection":[{"href":"http:\/\/juma.type.pl\/index.php\/wp-json\/wp\/v2\/pages"}],"about":[{"href":"http:\/\/juma.type.pl\/index.php\/wp-json\/wp\/v2\/types\/page"}],"author":[{"embeddable":true,"href":"http:\/\/juma.type.pl\/index.php\/wp-json\/wp\/v2\/users\/1"}],"replies":[{"embeddable":true,"href":"http:\/\/juma.type.pl\/index.php\/wp-json\/wp\/v2\/comments?post=2042"}],"version-history":[{"count":9,"href":"http:\/\/juma.type.pl\/index.php\/wp-json\/wp\/v2\/pages\/2042\/revisions"}],"predecessor-version":[{"id":2758,"href":"http:\/\/juma.type.pl\/index.php\/wp-json\/wp\/v2\/pages\/2042\/revisions\/2758"}],"wp:attachment":[{"href":"http:\/\/juma.type.pl\/index.php\/wp-json\/wp\/v2\/media?parent=2042"}],"curies":[{"name":"wp","href":"https:\/\/api.w.org\/{rel}","templated":true}]}}